{"id":242,"date":"2018-05-11T08:44:39","date_gmt":"2018-05-11T08:44:39","guid":{"rendered":"https:\/\/livewp.site\/wp\/md\/oconnor\/?page_id=242"},"modified":"2025-12-26T22:03:05","modified_gmt":"2025-12-26T22:03:05","slug":"about-firm","status":"publish","type":"page","link":"https:\/\/nawlaw.com\/es\/about-firm\/","title":{"rendered":"Sobre la Firma"},"content":{"rendered":"<section class=\"wpb-content-wrapper\"><div data-vc-full-width=\"true\" data-vc-full-width-init=\"false\" class=\"vc_custom_1701705861203\"><div class=\"container\"><div class=\"vc_row wpb_row vc_row-fluid gt3_vc_row_modified vc_row-has-fill\"><div class=\"wpb_column vc_column_container vc_col-sm-12\">\r\n    <div class=\"vc_column-inner\">\r\n        <div class=\"wpb_wrapper\">\r\n            <div data-color=\"#ffffff\" class=\"gt3_custom_text  gt3_line-break-default gt3_font-size-inherit gt3_line-height-inherit gt3_color-inherit gt3_separator-disable gt3_full_width-active\" style=\"font-size: 30px;line-height: 165%; color: #272b2e; \"><h2 style=\"text-align: center;\"><span style=\"color: #014700;\">Acerca de Neil A. Weinrib y asociados\u00a0<\/span><\/h2>\n<\/div>        <\/div>\r\n    <\/div>\r\n<\/div>\r\n<\/div><\/div><!-- .container --><\/div><div class=\"vc_row-full-width vc_clearfix\"><\/div><div data-vc-full-width=\"true\" data-vc-full-width-init=\"false\" class=\"vc_custom_1701705861203\"><div class=\"container\"><div class=\"vc_row wpb_row vc_row-fluid gt3_vc_row_modified vc_row-has-fill\"><div class=\"wpb_column vc_column_container vc_col-sm-12\">\r\n    <div class=\"vc_column-inner vc_custom_1702868481822\">\r\n        <div class=\"wpb_wrapper\">\r\n            <div data-color=\"#ffffff\" class=\"gt3_custom_text  gt3_line-break-default gt3_font-size-inherit gt3_line-height-inherit gt3_color-inherit gt3_separator-disable gt3_full_width-active\" style=\"font-size: 18px;line-height: 165%; color: #014700; \"><p>Neil Weinrib &amp; Associates: NawLaw, a leading immigration law firm with over 40 years of experience, is dedicated to providing ardent advocacy and highly skilled legal services. Renowned for our relentless passion, we leave no stone unturned in pursuing comprehensive solutions for our clients, achieving successful results, and impacting meaningful changes in immigration law, including a victory in the U.S. Supreme Court. Operating from the heart of New York City, NawLaw serves clients nationwide and globally, championing their legal goals with personalized and trustworthy service.<\/p>\n<p><span><br \/>\nNawLaw successfully filed a writ of certiorari to the U.S. Supreme Court in the seminal case of <\/span><i>Vartelas v. Holder,<\/i><span> \u00a0566 U.S. 257 (2012), an opinion by Justice Ginsburg on March 28, 2012, which held that the enforcement of a provision of the Illegal Immigration Reform and Immigrant Responsibility Act of 1996 was applied retroactively to Panagis Vartelas, a Greek national and lawful permanent resident of the United States, and was thus unconstitutional.<\/span><\/p>\n<\/div>        <\/div>\r\n    <\/div>\r\n<\/div>\r\n<\/div><\/div><!-- .container --><\/div><div class=\"vc_row-full-width vc_clearfix\"><\/div><div data-vc-full-width=\"true\" data-vc-full-width-init=\"false\" class=\"vc_custom_1701702883927\"><div class=\"container\"><div class=\"vc_row wpb_row vc_row-fluid gt3_vc_row_modified vc_row-has-fill\"><div class=\"wpb_column vc_column_container vc_col-sm-12\">\r\n    <div class=\"vc_column-inner vc_custom_1526289401839\">\r\n        <div class=\"wpb_wrapper\">\r\n            <div class=\"vc_row wpb_row vc_inner vc_row-fluid vc_custom_1702871736177 gt3_vc_row_modified\">    <div class=\"wpb_column vc_column_container vc_col-sm-12 vc_col-md-3\">\r\n        <div class=\"vc_column-inner vc_custom_1702938836339\">\r\n            <div class=\"wpb_wrapper\">\r\n                <div data-color=\"#ffffff\" class=\"gt3_custom_text  gt3_line-break-tablet gt3_font-size-inherit gt3_line-height-inherit gt3_color-inherit gt3_separator-active gt3_separator-outer gt3_full_width-active\" style=\"font-size: 38px;line-height: 123%; color: #f8f8f9; \"><div class=\"gt3_custom_text_separator\" style=\"margin-top: 17px; max-width: 70px; background-color: rgba(249,249,250,0.2); \"><\/div><h2>Conoce a nuestros<br \/>\nAbogados<\/h2>\n<\/div>            <\/div>\r\n        <\/div>\r\n    <\/div>\r\n    <div class=\"wpb_column vc_column_container vc_col-sm-12 vc_col-md-6 vc_col-xs-12\">\r\n        <div class=\"vc_column-inner vc_custom_1702955412426\">\r\n            <div class=\"wpb_wrapper\">\r\n                <div data-color=\"#ffffff\" class=\"gt3_custom_text  gt3_line-break-default gt3_font-size-inherit gt3_line-height-inherit gt3_color-inherit gt3_separator-disable gt3_full_width-active\" style=\"font-size: 25px;line-height: 165%; color: #ffffff; \"> <div class=\"gt3_custom_text-font_size_sm_desktop\" style=\"font-size:20px;line-height: 165%;\"> <div class=\"gt3_custom_text-font_size_tablet\" style=\"font-size:20px;line-height: 165%;\"> <div class=\"gt3_custom_text-font_size_mobile\" style=\"font-size:20px;line-height: 165%;\"><p>En NawLaw, somos lo que decimos ser: l\u00edderes reconocidos en la creaci\u00f3n de soluciones de inmigraci\u00f3n estadounidenses efectivas para una amplia variedad de situaciones y problemas. \u00a1Hemos establecido una tremenda credibilidad basada en nuestro historial comprobado de \u00e9xito durante m\u00e1s de 40 a\u00f1os!<\/p>\n <\/div> <\/div> <\/div><\/div>            <\/div>\r\n        <\/div>\r\n    <\/div>\r\n<\/div><div class=\"gt3_team_list\"><div class=\"gt3_team_list__posts-container row  gt3_team_list-gap_7.5\"  data-build_query=\"size:2|order_by:menu_order\" data-team_style=\"content_below\" data-posts_per_line=\"2\" data-items_load=\"4\" data-post_count=\"2\" style=\"margin-left:-7.5px; margin-right:-7.5px;\"><div class=\"gt3_team_list__grid-sizer gt3_span6\"><\/div><div class=\"gt3_team_list__grid-gutter\"><\/div><div class=\"gt3_team_list__grid-shadow\" style=\"margin-left:7.5px; margin-right:7.5px;\"><\/div><article class=\"gt3_team_list__item gt3_span6 gt3_team_list__item--1\" style=\"padding-left:7.5px ;padding-right:7.5px;\"><div class=\"gt3_team_list__image-holder\"><a href=\"https:\/\/nawlaw.com\/es\/team\/neil-weinrib\/\" class=\"gt3_team_list__image_link\"><div class=\"gt3_team_list__image-placeholder\" style=\"padding-bottom:100%;margin-bottom:-100%;background-color:#3F332B;\"><\/div><img decoding=\"async\" src=\"https:\/\/nawlaw.com\/wp-content\/uploads\/2023\/10\/thumbnail_IMG_5059-960x960.jpg\" srcset=\"https:\/\/nawlaw.com\/wp-content\/uploads\/2023\/10\/thumbnail_IMG_5059-1536x1536.jpg 1536w, https:\/\/nawlaw.com\/wp-content\/uploads\/2023\/10\/thumbnail_IMG_5059-960x960.jpg 960w, https:\/\/nawlaw.com\/wp-content\/uploads\/2023\/10\/thumbnail_IMG_5059-600x600.jpg 600w, https:\/\/nawlaw.com\/wp-content\/uploads\/2023\/10\/thumbnail_IMG_5059-768x768.jpg 768w,https:\/\/nawlaw.com\/wp-content\/uploads\/2023\/10\/thumbnail_IMG_5059-420x420.jpg 420w\" sizes=\"(min-width: 1920px) 1536px, (min-width: 1200px) 960px, (min-width: 992px) 600px, (min-width: 768px) 768px, (max-width: 600px) 420px\" alt=\"\" \/><\/a><div class=\"gt3_team_list__content\" style=\"font-family:Montserrat;font-weight:600;font-style:normal;\"><div class=\"gt3_team_separator\" style=\"margin-top:12px ;background-color:rgba(35,35,37,0.3);\"><\/div><a href=\"https:\/\/nawlaw.com\/es\/team\/neil-weinrib\/\" class=\"gt3_team_list__title_link\"><h3 class=\"gt3_team_list__title\" >Neil A. Weinrib<\/h3><\/a><div class=\"gt3_team_list__position\">FUNDADOR Y DIRECTOR | NUEVA YORK<\/div><\/div><\/div><\/article><article class=\"gt3_team_list__item gt3_span6 gt3_team_list__item--2\" style=\"padding-left:7.5px ;padding-right:7.5px;\"><div class=\"gt3_team_list__image-holder\"><a href=\"https:\/\/nawlaw.com\/es\/team\/kimberly-mackay\/\" class=\"gt3_team_list__image_link\"><div class=\"gt3_team_list__image-placeholder\" style=\"padding-bottom:100%;margin-bottom:-100%;background-color:#32241B;\"><\/div><img decoding=\"async\" src=\"https:\/\/nawlaw.com\/wp-content\/uploads\/2023\/10\/1-IMG_4030-960x960.jpg\" srcset=\"https:\/\/nawlaw.com\/wp-content\/uploads\/2023\/10\/1-IMG_4030-1536x1536.jpg 1536w, https:\/\/nawlaw.com\/wp-content\/uploads\/2023\/10\/1-IMG_4030-960x960.jpg 960w, https:\/\/nawlaw.com\/wp-content\/uploads\/2023\/10\/1-IMG_4030-600x600.jpg 600w, https:\/\/nawlaw.com\/wp-content\/uploads\/2023\/10\/1-IMG_4030-768x768.jpg 768w,https:\/\/nawlaw.com\/wp-content\/uploads\/2023\/10\/1-IMG_4030-420x420.jpg 420w\" sizes=\"(min-width: 1920px) 1536px, (min-width: 1200px) 960px, (min-width: 992px) 600px, (min-width: 768px) 768px, (max-width: 600px) 420px\" alt=\"\" \/><\/a><div class=\"gt3_team_list__content\" style=\"font-family:Montserrat;font-weight:600;font-style:normal;\"><div class=\"gt3_team_separator\" style=\"margin-top:12px ;background-color:rgba(35,35,37,0.3);\"><\/div><a href=\"https:\/\/nawlaw.com\/es\/team\/kimberly-mackay\/\" class=\"gt3_team_list__title_link\"><h3 class=\"gt3_team_list__title\" >Kimberley Mackay<\/h3><\/a><div class=\"gt3_team_list__position\">CONSEJO SUPERIOR | NUEVA YORK<\/div><\/div><\/div><\/article><\/div><\/div><div class=\"vc_row wpb_row vc_inner vc_row-fluid vc_custom_1702871736177 gt3_vc_row_modified\">    <div class=\"wpb_column vc_column_container vc_col-sm-12 vc_col-md-3\">\r\n        <div class=\"vc_column-inner vc_custom_1702938836339\">\r\n            <div class=\"wpb_wrapper\">\r\n                <div data-color=\"#ffffff\" class=\"gt3_custom_text  gt3_line-break-tablet gt3_font-size-inherit gt3_line-height-inherit gt3_color-inherit gt3_separator-active gt3_separator-outer gt3_full_width-active\" style=\"font-size: 38px;line-height: 123%; color: #f8f8f9; \"><div class=\"gt3_custom_text_separator\" style=\"margin-top: 17px; max-width: 70px; background-color: rgba(249,249,250,0.2); \"><\/div><h2>Our Dedicated Legal Team<\/h2>\n<\/div>            <\/div>\r\n        <\/div>\r\n    <\/div>\r\n<\/div><div class=\"gt3_team_list\"><div class=\"gt3_team_list__posts-container row  gt3_team_list-gap_7.5\"  data-build_query=\"size:6|order_by:menu_order|order:DESC\" data-team_style=\"content_below\" data-posts_per_line=\"3\" data-items_load=\"4\" data-post_count=\"6\" style=\"margin-left:-7.5px; margin-right:-7.5px;\"><div class=\"gt3_team_list__grid-sizer gt3_span4\"><\/div><div class=\"gt3_team_list__grid-gutter\"><\/div><div class=\"gt3_team_list__grid-shadow\" style=\"margin-left:7.5px; margin-right:7.5px;\"><\/div><article class=\"gt3_team_list__item gt3_span4 gt3_team_list__item--1\" style=\"padding-left:7.5px ;padding-right:7.5px;\"><div class=\"gt3_team_list__image-holder\"><a href=\"https:\/\/nawlaw.com\/es\/team\/test\/\" class=\"gt3_team_list__image_link\"><div class=\"gt3_team_list__image-placeholder\" style=\"padding-bottom:100%;margin-bottom:-100%;background-color:#988D88;\"><\/div><img decoding=\"async\" src=\"https:\/\/nawlaw.com\/wp-content\/uploads\/2025\/12\/neil_weinrib_law_office_Jude_bolivar_1000x1000-640x640.png\" srcset=\"https:\/\/nawlaw.com\/wp-content\/uploads\/2025\/12\/neil_weinrib_law_office_Jude_bolivar_1000x1000-1024x1024.png 1024w, https:\/\/nawlaw.com\/wp-content\/uploads\/2025\/12\/neil_weinrib_law_office_Jude_bolivar_1000x1000-640x640.png 640w, https:\/\/nawlaw.com\/wp-content\/uploads\/2025\/12\/neil_weinrib_law_office_Jude_bolivar_1000x1000-400x400.png 400w, https:\/\/nawlaw.com\/wp-content\/uploads\/2025\/12\/neil_weinrib_law_office_Jude_bolivar_1000x1000-768x768.png 768w,https:\/\/nawlaw.com\/wp-content\/uploads\/2025\/12\/neil_weinrib_law_office_Jude_bolivar_1000x1000-420x420.png 420w\" sizes=\"(min-width: 1920px) 1024px, (min-width: 1200px) 640px, (min-width: 992px) 400px, (min-width: 768px) 768px, (max-width: 600px) 420px\" alt=\"\" \/><\/a><div class=\"gt3_team_list__content\" style=\"font-family:Montserrat;font-weight:400;font-style:normal;\"><div class=\"gt3_team_separator\" style=\"margin-top:12px ;background-color:rgba(35,35,37,0.3);\"><\/div><a href=\"https:\/\/nawlaw.com\/es\/team\/test\/\" class=\"gt3_team_list__title_link\"><h3 class=\"gt3_team_list__title\" >Jude Bolivar<\/h3><\/a><div class=\"gt3_team_list__position\">OFFICE MANAGER | NEW YORK<\/div><\/div><\/div><\/article><article class=\"gt3_team_list__item gt3_span4 gt3_team_list__item--2\" style=\"padding-left:7.5px ;padding-right:7.5px;\"><div class=\"gt3_team_list__image-holder\"><a href=\"https:\/\/nawlaw.com\/es\/team\/alannah-bolger\/\" class=\"gt3_team_list__image_link\"><div class=\"gt3_team_list__image-placeholder\" style=\"padding-bottom:100%;margin-bottom:-100%;background-color:#AEA7A1;\"><\/div><img decoding=\"async\" src=\"https:\/\/nawlaw.com\/wp-content\/uploads\/2025\/12\/neil_weinrib_law_office_bolger_alannah_law_clerk_1000x561-640x640.png\" srcset=\"https:\/\/nawlaw.com\/wp-content\/uploads\/2025\/12\/neil_weinrib_law_office_bolger_alannah_law_clerk_1000x561-1024x1024.png 1024w, https:\/\/nawlaw.com\/wp-content\/uploads\/2025\/12\/neil_weinrib_law_office_bolger_alannah_law_clerk_1000x561-640x640.png 640w, https:\/\/nawlaw.com\/wp-content\/uploads\/2025\/12\/neil_weinrib_law_office_bolger_alannah_law_clerk_1000x561-400x400.png 400w, https:\/\/nawlaw.com\/wp-content\/uploads\/2025\/12\/neil_weinrib_law_office_bolger_alannah_law_clerk_1000x561-768x768.png 768w,https:\/\/nawlaw.com\/wp-content\/uploads\/2025\/12\/neil_weinrib_law_office_bolger_alannah_law_clerk_1000x561-420x420.png 420w\" sizes=\"(min-width: 1920px) 1024px, (min-width: 1200px) 640px, (min-width: 992px) 400px, (min-width: 768px) 768px, (max-width: 600px) 420px\" alt=\"\" \/><\/a><div class=\"gt3_team_list__content\" style=\"font-family:Montserrat;font-weight:400;font-style:normal;\"><div class=\"gt3_team_separator\" style=\"margin-top:12px ;background-color:rgba(35,35,37,0.3);\"><\/div><a href=\"https:\/\/nawlaw.com\/es\/team\/alannah-bolger\/\" class=\"gt3_team_list__title_link\"><h3 class=\"gt3_team_list__title\" >Alannah Bolger<\/h3><\/a><div class=\"gt3_team_list__position\">LAW CLERK | NEW YORK<\/div><\/div><\/div><\/article><article class=\"gt3_team_list__item gt3_span4 gt3_team_list__item--3\" style=\"padding-left:7.5px ;padding-right:7.5px;\"><div class=\"gt3_team_list__image-holder\"><a href=\"https:\/\/nawlaw.com\/es\/team\/zach-slocum\/\" class=\"gt3_team_list__image_link\"><div class=\"gt3_team_list__image-placeholder\" style=\"padding-bottom:100%;margin-bottom:-100%;background-color:#8B7F7B;\"><\/div><img decoding=\"async\" src=\"https:\/\/nawlaw.com\/wp-content\/uploads\/2025\/12\/neil_weinrib_law_office_slocum_Zach_law_clerk_1000x1000-640x640.png\" srcset=\"https:\/\/nawlaw.com\/wp-content\/uploads\/2025\/12\/neil_weinrib_law_office_slocum_Zach_law_clerk_1000x1000-1024x1024.png 1024w, https:\/\/nawlaw.com\/wp-content\/uploads\/2025\/12\/neil_weinrib_law_office_slocum_Zach_law_clerk_1000x1000-640x640.png 640w, https:\/\/nawlaw.com\/wp-content\/uploads\/2025\/12\/neil_weinrib_law_office_slocum_Zach_law_clerk_1000x1000-400x400.png 400w, https:\/\/nawlaw.com\/wp-content\/uploads\/2025\/12\/neil_weinrib_law_office_slocum_Zach_law_clerk_1000x1000-768x768.png 768w,https:\/\/nawlaw.com\/wp-content\/uploads\/2025\/12\/neil_weinrib_law_office_slocum_Zach_law_clerk_1000x1000-420x420.png 420w\" sizes=\"(min-width: 1920px) 1024px, (min-width: 1200px) 640px, (min-width: 992px) 400px, (min-width: 768px) 768px, (max-width: 600px) 420px\" alt=\"\" \/><\/a><div class=\"gt3_team_list__content\" style=\"font-family:Montserrat;font-weight:400;font-style:normal;\"><div class=\"gt3_team_separator\" style=\"margin-top:12px ;background-color:rgba(35,35,37,0.3);\"><\/div><a href=\"https:\/\/nawlaw.com\/es\/team\/zach-slocum\/\" class=\"gt3_team_list__title_link\"><h3 class=\"gt3_team_list__title\" >Zach Slocum<\/h3><\/a><div class=\"gt3_team_list__position\">LAW CLERK | NEW YORK<\/div><\/div><\/div><\/article><article class=\"gt3_team_list__item gt3_span4 gt3_team_list__item--4\" style=\"padding-left:7.5px ;padding-right:7.5px;\"><div class=\"gt3_team_list__image-holder\"><a href=\"https:\/\/nawlaw.com\/es\/team\/ahmad-alasad\/\" class=\"gt3_team_list__image_link\"><div class=\"gt3_team_list__image-placeholder\" style=\"padding-bottom:100%;margin-bottom:-100%;background-color:#877E7C;\"><\/div><img decoding=\"async\" src=\"https:\/\/nawlaw.com\/wp-content\/uploads\/2025\/12\/neil_weinrib_law_office_Jude_alasad_ahmad_paralegal_1000x1000-640x640.png\" srcset=\"https:\/\/nawlaw.com\/wp-content\/uploads\/2025\/12\/neil_weinrib_law_office_Jude_alasad_ahmad_paralegal_1000x1000-1024x1024.png 1024w, https:\/\/nawlaw.com\/wp-content\/uploads\/2025\/12\/neil_weinrib_law_office_Jude_alasad_ahmad_paralegal_1000x1000-640x640.png 640w, https:\/\/nawlaw.com\/wp-content\/uploads\/2025\/12\/neil_weinrib_law_office_Jude_alasad_ahmad_paralegal_1000x1000-400x400.png 400w, https:\/\/nawlaw.com\/wp-content\/uploads\/2025\/12\/neil_weinrib_law_office_Jude_alasad_ahmad_paralegal_1000x1000-768x768.png 768w,https:\/\/nawlaw.com\/wp-content\/uploads\/2025\/12\/neil_weinrib_law_office_Jude_alasad_ahmad_paralegal_1000x1000-420x420.png 420w\" sizes=\"(min-width: 1920px) 1024px, (min-width: 1200px) 640px, (min-width: 992px) 400px, (min-width: 768px) 768px, (max-width: 600px) 420px\" alt=\"\" \/><\/a><div class=\"gt3_team_list__content\" style=\"font-family:Montserrat;font-weight:400;font-style:normal;\"><div class=\"gt3_team_separator\" style=\"margin-top:12px ;background-color:rgba(35,35,37,0.3);\"><\/div><a href=\"https:\/\/nawlaw.com\/es\/team\/ahmad-alasad\/\" class=\"gt3_team_list__title_link\"><h3 class=\"gt3_team_list__title\" >Ahmad Alasad<\/h3><\/a><div class=\"gt3_team_list__position\">PARALEGAL | NEW YORK<\/div><\/div><\/div><\/article><article class=\"gt3_team_list__item gt3_span4 gt3_team_list__item--5\" style=\"padding-left:7.5px ;padding-right:7.5px;\"><div class=\"gt3_team_list__image-holder\"><a href=\"https:\/\/nawlaw.com\/es\/team\/zarjis-pavel-islam\/\" class=\"gt3_team_list__image_link\"><div class=\"gt3_team_list__image-placeholder\" style=\"padding-bottom:100%;margin-bottom:-100%;background-color:#8C7E75;\"><\/div><img decoding=\"async\" src=\"https:\/\/nawlaw.com\/wp-content\/uploads\/2025\/12\/neil_weinrib_law_office_pavel_-Zarjis_paralegal_1000x1000-640x640.png\" srcset=\"https:\/\/nawlaw.com\/wp-content\/uploads\/2025\/12\/neil_weinrib_law_office_pavel_-Zarjis_paralegal_1000x1000-1024x1024.png 1024w, https:\/\/nawlaw.com\/wp-content\/uploads\/2025\/12\/neil_weinrib_law_office_pavel_-Zarjis_paralegal_1000x1000-640x640.png 640w, https:\/\/nawlaw.com\/wp-content\/uploads\/2025\/12\/neil_weinrib_law_office_pavel_-Zarjis_paralegal_1000x1000-400x400.png 400w, https:\/\/nawlaw.com\/wp-content\/uploads\/2025\/12\/neil_weinrib_law_office_pavel_-Zarjis_paralegal_1000x1000-768x768.png 768w,https:\/\/nawlaw.com\/wp-content\/uploads\/2025\/12\/neil_weinrib_law_office_pavel_-Zarjis_paralegal_1000x1000-420x420.png 420w\" sizes=\"(min-width: 1920px) 1024px, (min-width: 1200px) 640px, (min-width: 992px) 400px, (min-width: 768px) 768px, (max-width: 600px) 420px\" alt=\"\" \/><\/a><div class=\"gt3_team_list__content\" style=\"font-family:Montserrat;font-weight:400;font-style:normal;\"><div class=\"gt3_team_separator\" style=\"margin-top:12px ;background-color:rgba(35,35,37,0.3);\"><\/div><a href=\"https:\/\/nawlaw.com\/es\/team\/zarjis-pavel-islam\/\" class=\"gt3_team_list__title_link\"><h3 class=\"gt3_team_list__title\" >Zarjis Pavel Islam<\/h3><\/a><div class=\"gt3_team_list__position\">PARALEGAL | NEW YORK<\/div><\/div><\/div><\/article><article class=\"gt3_team_list__item gt3_span4 gt3_team_list__item--6\" style=\"padding-left:7.5px ;padding-right:7.5px;\"><div class=\"gt3_team_list__image-holder\"><a href=\"https:\/\/nawlaw.com\/es\/team\/legal-interns\/\" class=\"gt3_team_list__image_link\"><div class=\"gt3_team_list__image-placeholder\" style=\"padding-bottom:100%;margin-bottom:-100%;background-color:#796D67;\"><\/div><img decoding=\"async\" src=\"https:\/\/nawlaw.com\/wp-content\/uploads\/2025\/12\/Legal-Interns-640x640.jpg\" srcset=\"https:\/\/nawlaw.com\/wp-content\/uploads\/2025\/12\/Legal-Interns-1024x1024.jpg 1024w, https:\/\/nawlaw.com\/wp-content\/uploads\/2025\/12\/Legal-Interns-640x640.jpg 640w, https:\/\/nawlaw.com\/wp-content\/uploads\/2025\/12\/Legal-Interns-400x400.jpg 400w, https:\/\/nawlaw.com\/wp-content\/uploads\/2025\/12\/Legal-Interns-768x768.jpg 768w,https:\/\/nawlaw.com\/wp-content\/uploads\/2025\/12\/Legal-Interns-420x420.jpg 420w\" sizes=\"(min-width: 1920px) 1024px, (min-width: 1200px) 640px, (min-width: 992px) 400px, (min-width: 768px) 768px, (max-width: 600px) 420px\" alt=\"\" \/><\/a><div class=\"gt3_team_list__content\" style=\"font-family:Montserrat;font-weight:400;font-style:normal;\"><div class=\"gt3_team_separator\" style=\"margin-top:12px ;background-color:rgba(35,35,37,0.3);\"><\/div><a href=\"https:\/\/nawlaw.com\/es\/team\/legal-interns\/\" class=\"gt3_team_list__title_link\"><h3 class=\"gt3_team_list__title\" >Legal Interns<\/h3><\/a><div class=\"gt3_team_list__position\">LEGAL INTERNS | NEW YORK<\/div><\/div><\/div><\/article><\/div><\/div>        <\/div>\r\n    <\/div>\r\n<\/div>\r\n<\/div><\/div><!-- .container --><\/div><div class=\"vc_row-full-width vc_clearfix\"><\/div><div class=\"\"><div class=\"container\"><div class=\"vc_row wpb_row vc_row-fluid gt3_vc_row_modified\"><div class=\"wpb_column vc_column_container vc_col-sm-12\">\r\n    <div class=\"vc_column-inner\">\r\n        <div class=\"wpb_wrapper\">\r\n                <div class=\"gt3_spacing\">\r\n        <div class=\"gt3_spacing-height gt3_spacing-height_default\" style=\"height: 60px;\"><\/div>\r\n            <\/div>\r\n    <div class=\"wpb_gmaps_widget wpb_content_element\"><div class=\"wpb_wrapper\"><div class=\"wpb_map_wraper\"><iframe src=\"https:\/\/www.google.com\/maps\/embed?pb=!1m18!1m12!1m3!1d3024.139964253432!2d-74.00856812342998!3d40.714935237435185!2m3!1f0!2f0!3f0!3m2!1i1024!2i768!4f13.1!3m3!1m2!1s0x89c25a21c3e21f9d%3A0x53ba1febb7afd78e!2sNeil%20Weinrib%20%26%20Associates!5e0!3m2!1sen!2sus!4v1692996179075!5m2!1sen!2sus\" width=\"600\" height=\"450\" style=\"border:0;\" allowfullscreen=\"\" loading=\"lazy\" referrerpolicy=\"no-referrer-when-downgrade\"><\/iframe><\/div><\/div><\/div>    <div class=\"gt3_spacing\">\r\n        <div class=\"gt3_spacing-height gt3_spacing-height_default\" style=\"height: 60px;\"><\/div>\r\n            <\/div>\r\n            <\/div>\r\n    <\/div>\r\n<\/div>\r\n<\/div><\/div><!-- .container --><\/div>\n<\/section>","protected":false},"excerpt":{"rendered":"","protected":false},"author":1,"featured_media":0,"parent":0,"menu_order":0,"comment_status":"closed","ping_status":"closed","template":"","meta":{"_monsterinsights_skip_tracking":false,"_monsterinsights_sitenote_active":false,"_monsterinsights_sitenote_note":"","_monsterinsights_sitenote_category":0,"footnotes":""},"class_list":["post-242","page","type-page","status-publish","hentry"],"acf":[],"_links":{"self":[{"href":"https:\/\/nawlaw.com\/es\/wp-json\/wp\/v2\/pages\/242","targetHints":{"allow":["GET"]}}],"collection":[{"href":"https:\/\/nawlaw.com\/es\/wp-json\/wp\/v2\/pages"}],"about":[{"href":"https:\/\/nawlaw.com\/es\/wp-json\/wp\/v2\/types\/page"}],"author":[{"embeddable":true,"href":"https:\/\/nawlaw.com\/es\/wp-json\/wp\/v2\/users\/1"}],"replies":[{"embeddable":true,"href":"https:\/\/nawlaw.com\/es\/wp-json\/wp\/v2\/comments?post=242"}],"version-history":[{"count":126,"href":"https:\/\/nawlaw.com\/es\/wp-json\/wp\/v2\/pages\/242\/revisions"}],"predecessor-version":[{"id":5070,"href":"https:\/\/nawlaw.com\/es\/wp-json\/wp\/v2\/pages\/242\/revisions\/5070"}],"wp:attachment":[{"href":"https:\/\/nawlaw.com\/es\/wp-json\/wp\/v2\/media?parent=242"}],"curies":[{"name":"wp","href":"https:\/\/api.w.org\/{rel}","templated":true}]}}