{"id":3361,"date":"2023-08-31T21:00:16","date_gmt":"2023-08-31T21:00:16","guid":{"rendered":"https:\/\/nawlaw.com\/?page_id=3361"},"modified":"2023-09-21T17:48:09","modified_gmt":"2023-09-21T17:48:09","slug":"matrimonial-and-family","status":"publish","type":"page","link":"https:\/\/nawlaw.com\/es\/matrimonial-and-family\/","title":{"rendered":"Matrimonial y Familia"},"content":{"rendered":"<section class=\"wpb-content-wrapper\"><div class=\"\"><div class=\"container\"><div class=\"vc_row wpb_row vc_row-fluid gt3_vc_row_modified\"><div class=\"wpb_column vc_column_container vc_col-sm-6\">\r\n    <div class=\"vc_column-inner\">\r\n        <div class=\"wpb_wrapper\">\r\n            <div data-color=\"#ffffff\" class=\"gt3_custom_text  gt3_line-break-tablet gt3_font-size-inherit gt3_line-height-inherit gt3_color-inherit gt3_separator-active gt3_separator-outer gt3_full_width-active\" style=\"font-size: 32px;line-height: 165%; color: #f8f8f9; \"><div class=\"gt3_custom_text_separator\" style=\"margin-top: 22px; max-width: 70px; background-color: rgba(249,249,250,0.3); \"><\/div><h2><span style=\"color: #014700; text-decoration: underline;\" class=\"underline\">Expertos en derecho matrimonial y familiar<\/span><\/h2>\n<\/div>    <div class=\"gt3_spacing\">\r\n        <div class=\"gt3_spacing-height gt3_spacing-height_default\" style=\"height: 90px;\"><\/div>\r\n            <\/div>\r\n            <\/div>\r\n    <\/div>\r\n<\/div>\r\n<div class=\"wpb_column vc_column_container vc_col-sm-6\">\r\n    <div class=\"vc_column-inner\">\r\n        <div class=\"wpb_wrapper\">\r\n            <div data-color=\"#ffffff\" class=\"gt3_custom_text  gt3_line-break-default gt3_font-size-inherit gt3_line-height-inherit gt3_color-inherit gt3_separator-disable gt3_full_width-active\" style=\"font-size: 22px;line-height: 165%; color: #ccbd99; \"><p style=\"text-align: justify; padding-left: 40px;\"><span style=\"color: #014700;\">En NawLaw, entendemos que navegar asuntos legales matrimoniales y familiares puede ser emocionalmente desafiante y legalmente complejo. Nuestro dedicado equipo de abogados experimentados est\u00e1 aqu\u00ed para brindarle orientaci\u00f3n compasiva y experiencia estrat\u00e9gica para ayudarlo a navegar estos temas delicados con confianza y claridad.<\/span><\/p>\n<\/div>    <div class=\"gt3_spacing\">\r\n        <div class=\"gt3_spacing-height gt3_spacing-height_default\" style=\"height: 90px;\"><\/div>\r\n            <\/div>\r\n            <\/div>\r\n    <\/div>\r\n<\/div>\r\n<\/div><\/div><!-- .container --><\/div><div data-vc-full-width=\"true\" data-vc-full-width-init=\"false\" class=\"vc_custom_1692910373705\"><div class=\"container\"><div class=\"vc_row wpb_row vc_row-fluid gt3_vc_row_modified vc_row-has-fill\"><div class=\"wpb_column vc_column_container vc_col-sm-12\">\r\n    <div class=\"vc_column-inner\">\r\n        <div class=\"wpb_wrapper\">\r\n            <div class=\"vc_row wpb_row vc_inner vc_row-fluid vc_custom_1526042890512 gt3_vc_row_modified\">    <div class=\"wpb_column vc_column_container vc_col-sm-12 vc_col-md-3\">\r\n        <div class=\"vc_column-inner vc_custom_1528278713927\">\r\n            <div class=\"wpb_wrapper\">\r\n                <div data-color=\"#ffffff\" class=\"gt3_custom_text  gt3_line-break-tablet gt3_font-size-inherit gt3_line-height-inherit gt3_color-inherit gt3_separator-active gt3_separator-outer gt3_full_width-active\" style=\"font-size: 32px;line-height: 165%; color: #f8f8f9; \"><div class=\"gt3_custom_text_separator\" style=\"margin-top: 22px; max-width: 70px; background-color: rgba(249,249,250,0.3); \"><\/div><h2>Nuestra misi\u00f3n<\/h2>\n<\/div>            <\/div>\r\n        <\/div>\r\n    <\/div>\r\n    <div class=\"wpb_column vc_column_container vc_col-sm-9 vc_col-md-6\">\r\n        <div class=\"vc_column-inner vc_custom_1528278728051\">\r\n            <div class=\"wpb_wrapper\">\r\n                <div data-color=\"#ffffff\" class=\"gt3_custom_text  gt3_line-break-default gt3_font-size-inherit gt3_line-height-inherit gt3_color-inherit gt3_separator-disable gt3_full_width-active\" style=\"font-size: 22px;line-height: 165%; color: #ccbd99; \"><p style=\"text-align: justify;\"><span>es brindar soluciones legales personalizadas que aborden las necesidades e inquietudes \u00fanicas de cada familia a la que servimos. Con nosotros, encontrar\u00e1 un socio confiable para navegar por las complejidades legales de sus asuntos matrimoniales y familiares, garantizando un camino m\u00e1s fluido durante tiempos dif\u00edciles.<\/span><\/p>\n<\/div>            <\/div>\r\n        <\/div>\r\n    <\/div>\r\n<\/div>    <div class=\"gt3_spacing\">\r\n        <div class=\"gt3_spacing-height gt3_spacing-height_default\" style=\"height: 90px;\"><\/div>\r\n            <\/div>\r\n        <div class=\"gt3_spacing\">\r\n        <div class=\"gt3_spacing-height gt3_spacing-height_default\" style=\"height: 90px;\"><\/div>\r\n            <\/div>\r\n        <div class=\"gt3_spacing\">\r\n        <div class=\"gt3_spacing-height gt3_spacing-height_default\" style=\"height: 90px;\"><\/div>\r\n            <\/div>\r\n            <\/div>\r\n    <\/div>\r\n<\/div>\r\n<\/div><\/div><!-- .container --><\/div><div class=\"vc_row-full-width vc_clearfix\"><\/div><div data-vc-full-width=\"true\" data-vc-full-width-init=\"false\" class=\"vc_custom_1526040566092\"><div class=\"container\"><div class=\"vc_row wpb_row vc_row-fluid gt3_vc_row_modified vc_row-has-fill\"><div class=\"wpb_column vc_column_container vc_col-sm-12\">\r\n    <div class=\"vc_column-inner\">\r\n        <div class=\"wpb_wrapper\">\r\n            <div data-color=\"#ffffff\" class=\"gt3_custom_text  gt3_line-break-default gt3_font-size-inherit gt3_line-height-inherit gt3_color-inherit gt3_separator-disable gt3_full_width-active\" style=\"font-size: 32px;line-height: 165%; color: #272b2e; \"><h1><span style=\"color: #008000; text-decoration: underline;\" class=\"underline\">Servicios Legales que Ofrecemos\u00a0<\/span><\/h1>\n<\/div>    <div class=\"gt3_spacing\">\r\n        <div class=\"gt3_spacing-height gt3_spacing-height_default\" style=\"height: 80px;\"><\/div>\r\n            <\/div>\r\n    <div class=\"vc_row wpb_row vc_inner vc_row-fluid gt3_vc_row_modified\">    <div class=\"wpb_column vc_column_container vc_col-sm-3\">\r\n        <div class=\"vc_column-inner\">\r\n            <div class=\"wpb_wrapper\">\r\n                <div data-color=\"#ffffff\" class=\"gt3_custom_text  gt3_line-break-default gt3_font-size-inherit gt3_line-height-inherit gt3_color-inherit gt3_separator-disable gt3_full_width-active\" style=\"font-size: 22px;line-height: 165%; color: #272b2e; \"><h4>Divorcio no disputado<\/h4>\n<\/div>            <\/div>\r\n        <\/div>\r\n    <\/div>\r\n    <div class=\"wpb_column vc_column_container vc_col-sm-3\">\r\n        <div class=\"vc_column-inner\">\r\n            <div class=\"wpb_wrapper\">\r\n                <div data-color=\"#ffffff\" class=\"gt3_custom_text  gt3_line-break-default gt3_font-size-inherit gt3_line-height-inherit gt3_color-inherit gt3_separator-disable gt3_full_width-active\" style=\"font-size: 22px;line-height: 165%; color: #272b2e; \"><h4>Acuerdos prenupciales<\/h4>\n<\/div>            <\/div>\r\n        <\/div>\r\n    <\/div>\r\n    <div class=\"wpb_column vc_column_container vc_col-sm-3\">\r\n        <div class=\"vc_column-inner\">\r\n            <div class=\"wpb_wrapper\">\r\n                <div data-color=\"#ffffff\" class=\"gt3_custom_text  gt3_line-break-default gt3_font-size-inherit gt3_line-height-inherit gt3_color-inherit gt3_separator-disable gt3_full_width-active\" style=\"font-size: 22px;line-height: 165%; color: #272b2e; \"><h4>Juvenil Inmigrante Especial<\/h4>\n<\/div>            <\/div>\r\n        <\/div>\r\n    <\/div>\r\n    <div class=\"wpb_column vc_column_container vc_col-sm-3\">\r\n        <div class=\"vc_column-inner\">\r\n            <div class=\"wpb_wrapper\">\r\n                <div data-color=\"#ffffff\" class=\"gt3_custom_text  gt3_line-break-default gt3_font-size-inherit gt3_line-height-inherit gt3_color-inherit gt3_separator-disable gt3_full_width-active\" style=\"font-size: 22px;line-height: 165%; color: #272b2e; \"><h4>Divisi\u00f3n de Propiedades y Activos<\/h4>\n<\/div>            <\/div>\r\n        <\/div>\r\n    <\/div>\r\n<\/div>    <div class=\"gt3_spacing  gt3_spacing-height_mobile-on\">\r\n        <div class=\"gt3_spacing-height gt3_spacing-height_default\" style=\"height: 46px;\"><\/div>\r\n         <div class=\"gt3_spacing-height gt3_spacing-height_mobile\" style=\"height:0px;\"><\/div>    <\/div>\r\n    <div class=\"vc_separator wpb_content_element vc_separator_align_center vc_sep_width_100 vc_sep_border_width_3 vc_sep_pos_align_center vc_separator_no_text vc_sep_color_grey\" ><span class=\"vc_sep_holder vc_sep_holder_l\"><span class=\"vc_sep_line\"><\/span><\/span><span class=\"vc_sep_holder vc_sep_holder_r\"><span class=\"vc_sep_line\"><\/span><\/span>\n<\/div>    <div class=\"gt3_spacing  gt3_spacing-height_mobile-on\">\r\n        <div class=\"gt3_spacing-height gt3_spacing-height_default\" style=\"height: 46px;\"><\/div>\r\n         <div class=\"gt3_spacing-height gt3_spacing-height_mobile\" style=\"height:0px;\"><\/div>    <\/div>\r\n    <div class=\"vc_row wpb_row vc_inner vc_row-fluid gt3_vc_row_modified\">    <div class=\"wpb_column vc_column_container vc_col-sm-3\">\r\n        <div class=\"vc_column-inner\">\r\n            <div class=\"wpb_wrapper\">\r\n                <div data-color=\"#ffffff\" class=\"gt3_custom_text  gt3_line-break-default gt3_font-size-inherit gt3_line-height-inherit gt3_color-inherit gt3_separator-disable gt3_full_width-active\" style=\"font-size: 22px;line-height: 165%; color: #272b2e; \"><h4>Violencia dom\u00e9stica y \u00f3rdenes de restricci\u00f3n<\/h4>\n<\/div>            <\/div>\r\n        <\/div>\r\n    <\/div>\r\n    <div class=\"wpb_column vc_column_container vc_col-sm-3\">\r\n        <div class=\"vc_column-inner\">\r\n            <div class=\"wpb_wrapper\">\r\n                <div data-color=\"#ffffff\" class=\"gt3_custom_text  gt3_line-break-default gt3_font-size-inherit gt3_line-height-inherit gt3_color-inherit gt3_separator-disable gt3_full_width-active\" style=\"font-size: 22px;line-height: 165%; color: #272b2e; \"><h4>Tarjeta verde basada en matrimonio<\/h4>\n<\/div>            <\/div>\r\n        <\/div>\r\n    <\/div>\r\n    <div class=\"wpb_column vc_column_container vc_col-sm-3\">\r\n        <div class=\"vc_column-inner\">\r\n            <div class=\"wpb_wrapper\">\r\n                <div data-color=\"#ffffff\" class=\"gt3_custom_text  gt3_line-break-default gt3_font-size-inherit gt3_line-height-inherit gt3_color-inherit gt3_separator-disable gt3_full_width-active\" style=\"font-size: 22px;line-height: 165%; color: #272b2e; \"><h4>Acuerdos posnupciales<\/h4>\n<\/div>            <\/div>\r\n        <\/div>\r\n    <\/div>\r\n    <div class=\"wpb_column vc_column_container vc_col-sm-3\">\r\n        <div class=\"vc_column-inner\">\r\n            <div class=\"wpb_wrapper\">\r\n                <div data-color=\"#ffffff\" class=\"gt3_custom_text  gt3_line-break-default gt3_font-size-inherit gt3_line-height-inherit gt3_color-inherit gt3_separator-disable gt3_full_width-active\" style=\"font-size: 22px;line-height: 165%; color: #272b2e; \"><h4>Ley del Tribunal de Familia<\/h4>\n<\/div>            <\/div>\r\n        <\/div>\r\n    <\/div>\r\n<\/div>    <div class=\"gt3_spacing  gt3_spacing-height_mobile-on\">\r\n        <div class=\"gt3_spacing-height gt3_spacing-height_default\" style=\"height: 46px;\"><\/div>\r\n         <div class=\"gt3_spacing-height gt3_spacing-height_mobile\" style=\"height:0px;\"><\/div>    <\/div>\r\n    <div class=\"vc_separator wpb_content_element vc_separator_align_center vc_sep_width_100 vc_sep_border_width_3 vc_sep_pos_align_center vc_separator_no_text vc_sep_color_grey\" ><span class=\"vc_sep_holder vc_sep_holder_l\"><span class=\"vc_sep_line\"><\/span><\/span><span class=\"vc_sep_holder vc_sep_holder_r\"><span class=\"vc_sep_line\"><\/span><\/span>\n<\/div>    <div class=\"gt3_spacing\">\r\n        <div class=\"gt3_spacing-height gt3_spacing-height_default\" style=\"height: 83px;\"><\/div>\r\n            <\/div>\r\n            <\/div>\r\n    <\/div>\r\n<\/div>\r\n<\/div><\/div><!-- .container --><\/div><div class=\"vc_row-full-width vc_clearfix\"><\/div><div data-vc-full-width=\"true\" data-vc-full-width-init=\"false\" class=\"\"><div class=\"container\"><div class=\"vc_row wpb_row vc_row-fluid gt3_vc_row_modified vc_row-o-content-bottom vc_row-flex\"><div class=\"wpb_column vc_column_container vc_col-sm-7\">\r\n    <div class=\"vc_column-inner\">\r\n        <div class=\"wpb_wrapper\">\r\n                <div class=\"gt3_spacing\">\r\n        <div class=\"gt3_spacing-height gt3_spacing-height_default\" style=\"height: 113px;\"><\/div>\r\n            <\/div>\r\n    <div data-color=\"#ffffff\" class=\"gt3_custom_text  gt3_line-break-notebook gt3_font-size-inherit gt3_line-height-inherit gt3_color-inherit gt3_separator-active gt3_separator-outer gt3_full_width-active\" style=\"font-size: 38px;line-height: 143%; color: #272b2e; \"><div class=\"gt3_custom_text_separator\" style=\"margin-top: 25px; max-width: 70px; background-color: rgba(39,43,46,0.2); \"><\/div><h2>Precios que se adaptan a sus necesidades: Honorarios legales transparentes y flexibles<\/h2>\n<\/div>    <div class=\"gt3_spacing\">\r\n        <div class=\"gt3_spacing-height gt3_spacing-height_default\" style=\"height: 10px;\"><\/div>\r\n            <\/div>\r\n    <div data-color=\"#ffffff\" class=\"gt3_custom_text  gt3_line-break-default gt3_font-size-inherit gt3_line-height-inherit gt3_color-inherit gt3_separator-disable gt3_full_width-active\" style=\"font-size: 18px;line-height: 165%; color: #272b2e; \"><p style=\"text-align: justify;\">En Naw Law entendemos que cada caso es \u00fanico. Por lo tanto, nuestros precios se adaptan a las caracter\u00edsticas espec\u00edficas de su situaci\u00f3n. Durante una consulta personalizada, discutiremos los detalles de nuestro caso y brindaremos informaci\u00f3n transparente sobre nuestra estructura de tarifas. Nuestros honorarios de consulta para todas las \u00e1reas de pr\u00e1ctica son los siguientes:<\/p>\n<p>&nbsp;<\/p>\n<ol>\n<li><strong>Consulta de 30 minutos<\/strong>\n<ul>\n<li>Fee: $150<\/li>\n<\/ul>\n<\/li>\n<li><strong>Consulta de 60 minutos<\/strong>\n<ul>\n<li>Fee: $300<\/li>\n<\/ul>\n<\/li>\n<\/ol>\n<\/div>    <div class=\"gt3_spacing\">\r\n        <div class=\"gt3_spacing-height gt3_spacing-height_default\" style=\"height: 16px;\"><\/div>\r\n            <\/div>\r\n    <div class=\"gt3_module_button gt3_btn_customize button_alignment_inline\"><a class=\"button_size_normal  vc_custom_1692995765055\"  href=\"#\" style=\"border-width: 1px; border-style: solid; letter-spacing: 0.01em; font-family:Montserrat;font-weight:700;font-style:normal;background-color: #c2b697; color: #ffffff; \" data-default-bg=\"#c2b697\" data-default-color=\"#ffffff\" data-default-border=\"#c2b697\" data-hover-bg=\"#ffffff\" data-hover-color=\"#c2b697\" data-hover-border=\"#e8e8e8\" ><span class=\"gt3_btn_text\">Fijar una consulta<\/span><\/a><\/div>    <div class=\"gt3_spacing\">\r\n        <div class=\"gt3_spacing-height gt3_spacing-height_default\" style=\"height: 16px;\"><\/div>\r\n            <\/div>\r\n    <div class=\"vc_empty_space\"   style=\"height: 32px\"><span class=\"vc_empty_space_inner\"><\/span><\/div>    <div class=\"gt3_spacing  gt3_spacing-height_mobile-on\">\r\n        <div class=\"gt3_spacing-height gt3_spacing-height_default\" style=\"height: 110px;\"><\/div>\r\n         <div class=\"gt3_spacing-height gt3_spacing-height_mobile\" style=\"height:40px;\"><\/div>    <\/div>\r\n            <\/div>\r\n    <\/div>\r\n<\/div>\r\n<\/div><\/div><!-- .container --><\/div><div class=\"vc_row-full-width vc_clearfix\"><\/div>\n<\/section>","protected":false},"excerpt":{"rendered":"Experienced Matrimonial &amp; Family Law Experts At NawLaw, we understand that navigating matrimonial and family legal matters can be emotionally challenging and legally complex. Our dedicated team of experienced attorneys is here to provide compassionate guidance and strategic expertise to help you navigate these sensitive issues with confidence and clarity. Our Mission is to provide [...]","protected":false},"author":1,"featured_media":0,"parent":0,"menu_order":0,"comment_status":"closed","ping_status":"closed","template":"","meta":{"_monsterinsights_skip_tracking":false,"_monsterinsights_sitenote_active":false,"_monsterinsights_sitenote_note":"","_monsterinsights_sitenote_category":0,"footnotes":""},"class_list":["post-3361","page","type-page","status-publish","hentry"],"acf":[],"_links":{"self":[{"href":"https:\/\/nawlaw.com\/es\/wp-json\/wp\/v2\/pages\/3361","targetHints":{"allow":["GET"]}}],"collection":[{"href":"https:\/\/nawlaw.com\/es\/wp-json\/wp\/v2\/pages"}],"about":[{"href":"https:\/\/nawlaw.com\/es\/wp-json\/wp\/v2\/types\/page"}],"author":[{"embeddable":true,"href":"https:\/\/nawlaw.com\/es\/wp-json\/wp\/v2\/users\/1"}],"replies":[{"embeddable":true,"href":"https:\/\/nawlaw.com\/es\/wp-json\/wp\/v2\/comments?post=3361"}],"version-history":[{"count":14,"href":"https:\/\/nawlaw.com\/es\/wp-json\/wp\/v2\/pages\/3361\/revisions"}],"predecessor-version":[{"id":3521,"href":"https:\/\/nawlaw.com\/es\/wp-json\/wp\/v2\/pages\/3361\/revisions\/3521"}],"wp:attachment":[{"href":"https:\/\/nawlaw.com\/es\/wp-json\/wp\/v2\/media?parent=3361"}],"curies":[{"name":"wp","href":"https:\/\/api.w.org\/{rel}","templated":true}]}}