{"id":3569,"date":"2023-09-20T21:32:15","date_gmt":"2023-09-20T21:32:15","guid":{"rendered":"https:\/\/nawlaw.com\/?page_id=3569"},"modified":"2025-06-23T20:46:16","modified_gmt":"2025-06-23T20:46:16","slug":"business-law-2","status":"publish","type":"page","link":"https:\/\/nawlaw.com\/es\/business-law-2\/","title":{"rendered":"Negocio"},"content":{"rendered":"<section class=\"wpb-content-wrapper\"><div data-vc-full-width=\"true\" data-vc-full-width-init=\"false\" class=\"vc_custom_1696448729112\"><div class=\"container\"><div class=\"vc_row wpb_row vc_row-fluid gt3_vc_row_modified vc_row-has-fill\"><div class=\"wpb_column vc_column_container vc_col-sm-12\">\r\n    <div class=\"vc_column-inner\">\r\n        <div class=\"wpb_wrapper\">\r\n            <div data-color=\"#ffffff\" class=\"gt3_custom_text  vc_custom_1703021256906 gt3_line-break-tablet gt3_font-size-inherit gt3_line-height-inherit gt3_color-inherit gt3_separator-disable gt3_full_width-active\" style=\"font-size: 50px;line-height: 165%; color: #f8f8f9; \"> <div class=\"gt3_custom_text-font_size_sm_desktop\" style=\"font-size:45px;line-height: 165%;\"> <div class=\"gt3_custom_text-font_size_tablet\" style=\"font-size:40px;line-height: 165%;\"> <div class=\"gt3_custom_text-font_size_mobile\" style=\"font-size:40px;line-height: 165%;\"><h1 style=\"text-align: center;\"><span style=\"text-decoration: underline; color: #c2b697;\" class=\"underline\">Servicios Legales que Ofrecemos<\/span><\/h1>\n <\/div> <\/div> <\/div><\/div>        <\/div>\r\n    <\/div>\r\n<\/div>\r\n<\/div><\/div><!-- .container --><\/div><div class=\"vc_row-full-width vc_clearfix\"><\/div><div data-vc-full-width=\"true\" data-vc-full-width-init=\"false\" class=\"vc_custom_1703022125582\"><div class=\"container\"><div class=\"vc_row wpb_row vc_row-fluid  business-law-content gt3_vc_row_modified\"><div class=\"wpb_column vc_column_container vc_col-sm-12\">\r\n    <div class=\"vc_column-inner\">\r\n        <div class=\"wpb_wrapper\">\r\n            <div class=\"vc_row wpb_row vc_inner vc_row-fluid gt3_vc_row_modified\">    <div class=\"wpb_column vc_column_container vc_col-sm-6\">\r\n        <div class=\"vc_column-inner\">\r\n            <div class=\"wpb_wrapper\">\r\n                \n\t<div class=\"wpb_text_column wpb_content_element\" >\n\t\t<div class=\"wpb_wrapper\">\n\t\t\t<h2><span style=\"color: #014700;\">Revisi\u00f3n y Redacci\u00f3n de Contratos y Acuerdos\u00a0<\/span><\/h2>\n<p><span style=\"color: #014700;\">En nuestro estimado bufete de abogados, nos especializamos en la elaboraci\u00f3n de contratos y acuerdos meticulosos y personalizados para salvaguardar sus intereses, garantizando claridad, aplicabilidad y cobertura integral con asesoramiento y orientaci\u00f3n de expertos durante el proceso de redacci\u00f3n para alinearnos con sus objetivos y requisitos regulatorios.<\/span><\/p>\n\n\t\t<\/div>\n\t<\/div>\n            <\/div>\r\n        <\/div>\r\n    <\/div>\r\n    <div class=\"wpb_column vc_column_container vc_col-sm-6\">\r\n        <div class=\"vc_column-inner\">\r\n            <div class=\"wpb_wrapper\">\r\n                \n\t<div  class=\"wpb_single_image wpb_content_element vc_align_left  vc_custom_1696535494245\">\n\t\t\n\t\t<figure class=\"wpb_wrapper vc_figure\">\n\t\t\t<div class=\"vc_single_image-wrapper vc_box_shadow  vc_box_border_grey\"><img loading=\"lazy\" decoding=\"async\" class=\"vc_single_image-img\" src=\"https:\/\/nawlaw.com\/wp-content\/uploads\/2023\/10\/Untitled-design-16.png\" width=\"605\" height=\"403\" alt=\"Untitled design (16)\" title=\"Untitled design (16)\" \/><\/div>\n\t\t<\/figure>\n\t<\/div>\n            <\/div>\r\n        <\/div>\r\n    <\/div>\r\n<\/div><div class=\"vc_row wpb_row vc_inner vc_row-fluid gt3_vc_row_modified\">    <div class=\"wpb_column vc_column_container vc_col-sm-6\">\r\n        <div class=\"vc_column-inner\">\r\n            <div class=\"wpb_wrapper\">\r\n                \n\t<div  class=\"wpb_single_image wpb_content_element vc_align_left  vc_custom_1696535505612\">\n\t\t\n\t\t<figure class=\"wpb_wrapper vc_figure\">\n\t\t\t<div class=\"vc_single_image-wrapper vc_box_shadow  vc_box_border_grey\"><img loading=\"lazy\" decoding=\"async\" class=\"vc_single_image-img\" src=\"https:\/\/nawlaw.com\/wp-content\/uploads\/2023\/10\/Untitled-design-17.png\" width=\"605\" height=\"403\" alt=\"Untitled design (17)\" title=\"Untitled design (17)\" \/><\/div>\n\t\t<\/figure>\n\t<\/div>\n            <\/div>\r\n        <\/div>\r\n    <\/div>\r\n    <div class=\"wpb_column vc_column_container vc_col-sm-6\">\r\n        <div class=\"vc_column-inner\">\r\n            <div class=\"wpb_wrapper\">\r\n                \n\t<div class=\"wpb_text_column wpb_content_element\" >\n\t\t<div class=\"wpb_wrapper\">\n\t\t\t<div class=\"wpb_text_column wpb_content_element\">\n<div class=\"wpb_wrapper\">\n<h2><span style=\"color: #014700;\">Formaci\u00f3n de empresas en todo Estados Unidos\u00a0<\/span><\/h2>\n<p><span style=\"color: #014700;\">Descubra servicios perfectos de formaci\u00f3n de empresas en todo Estados Unidos con nuestra firma de abogados dedicada, que ofrece orientaci\u00f3n integral a los empresarios para navegar las complejidades de formar una empresa, agilizando los procesos desde la selecci\u00f3n de la estructura empresarial ideal hasta garantizar el cumplimiento y brindando informaci\u00f3n valiosa para tomar decisiones informadas adaptadas a sus necesidades \u00fanicas, garantizando una base legalmente s\u00f3lida para que su negocio prospere.<\/span><\/p>\n<\/div>\n<\/div>\n<div class=\"gt3_spacing\"><\/div>\n\n\t\t<\/div>\n\t<\/div>\n            <\/div>\r\n        <\/div>\r\n    <\/div>\r\n<\/div>        <\/div>\r\n    <\/div>\r\n<\/div>\r\n<\/div><\/div><!-- .container --><\/div><div class=\"vc_row-full-width vc_clearfix\"><\/div><div class=\"\"><div class=\"container\"><div class=\"vc_row wpb_row vc_row-fluid gt3_vc_row_modified\"><div class=\"wpb_column vc_column_container vc_col-sm-12\">\r\n    <div class=\"vc_column-inner\">\r\n        <div class=\"wpb_wrapper\">\r\n                <div class=\"gt3_spacing\">\r\n        <div class=\"gt3_spacing-height gt3_spacing-height_default\" style=\"height: 60px;\"><\/div>\r\n            <\/div>\r\n            <\/div>\r\n    <\/div>\r\n<\/div>\r\n<\/div><\/div><!-- .container --><\/div>\n<\/section>","protected":false},"excerpt":{"rendered":"Legal Services We Offer Review and Drafting of Contracts &amp; Agreements\u00a0 At our esteemed law firm, we specialize in crafting meticulous and customized contracts and agreements to safeguard your interests, ensuring clarity, enforceability, and comprehensive coverage with expert advice and guidance through the drafting process to align with your goals and regulatory requirements. Business Formation [...]","protected":false},"author":1,"featured_media":0,"parent":0,"menu_order":0,"comment_status":"closed","ping_status":"closed","template":"","meta":{"_monsterinsights_skip_tracking":false,"_monsterinsights_sitenote_active":false,"_monsterinsights_sitenote_note":"","_monsterinsights_sitenote_category":0,"footnotes":""},"class_list":["post-3569","page","type-page","status-publish","hentry"],"acf":[],"_links":{"self":[{"href":"https:\/\/nawlaw.com\/es\/wp-json\/wp\/v2\/pages\/3569","targetHints":{"allow":["GET"]}}],"collection":[{"href":"https:\/\/nawlaw.com\/es\/wp-json\/wp\/v2\/pages"}],"about":[{"href":"https:\/\/nawlaw.com\/es\/wp-json\/wp\/v2\/types\/page"}],"author":[{"embeddable":true,"href":"https:\/\/nawlaw.com\/es\/wp-json\/wp\/v2\/users\/1"}],"replies":[{"embeddable":true,"href":"https:\/\/nawlaw.com\/es\/wp-json\/wp\/v2\/comments?post=3569"}],"version-history":[{"count":49,"href":"https:\/\/nawlaw.com\/es\/wp-json\/wp\/v2\/pages\/3569\/revisions"}],"predecessor-version":[{"id":5025,"href":"https:\/\/nawlaw.com\/es\/wp-json\/wp\/v2\/pages\/3569\/revisions\/5025"}],"wp:attachment":[{"href":"https:\/\/nawlaw.com\/es\/wp-json\/wp\/v2\/media?parent=3569"}],"curies":[{"name":"wp","href":"https:\/\/api.w.org\/{rel}","templated":true}]}}