{"id":3736,"date":"2023-10-05T19:08:40","date_gmt":"2023-10-05T19:08:40","guid":{"rendered":"https:\/\/nawlaw.com\/?page_id=3736"},"modified":"2025-06-23T20:51:09","modified_gmt":"2025-06-23T20:51:09","slug":"new-miscellaneous-services","status":"publish","type":"page","link":"https:\/\/nawlaw.com\/es\/new-miscellaneous-services\/","title":{"rendered":"Servicios Miscel\u00e1neos"},"content":{"rendered":"<section class=\"wpb-content-wrapper\"><div data-vc-full-width=\"true\" data-vc-full-width-init=\"false\" class=\"vc_custom_1703092106007\"><div class=\"container\"><div class=\"vc_row wpb_row vc_row-fluid gt3_vc_row_modified vc_row-has-fill\"><div class=\"wpb_column vc_column_container vc_col-sm-12\">\r\n    <div class=\"vc_column-inner\">\r\n        <div class=\"wpb_wrapper\">\r\n            <div data-color=\"#ffffff\" class=\"gt3_custom_text  vc_custom_1703092087460 gt3_line-break-tablet gt3_font-size-inherit gt3_line-height-inherit gt3_color-inherit gt3_separator-disable gt3_full_width-active\" style=\"font-size: 50px;line-height: 165%; color: #f8f8f9; \"> <div class=\"gt3_custom_text-font_size_sm_desktop\" style=\"font-size:45px;line-height: 165%;\"> <div class=\"gt3_custom_text-font_size_tablet\" style=\"font-size:40px;line-height: 165%;\"> <div class=\"gt3_custom_text-font_size_mobile\" style=\"font-size:40px;line-height: 165%;\"><h2 style=\"text-align: center;\"><span style=\"text-decoration: underline; color: #c2b697;\" class=\"underline\">Servicios Legales que Ofrecemos<\/span><\/h2>\n <\/div> <\/div> <\/div><\/div>        <\/div>\r\n    <\/div>\r\n<\/div>\r\n<\/div><\/div><!-- .container --><\/div><div class=\"vc_row-full-width vc_clearfix\"><\/div><div data-vc-full-width=\"true\" data-vc-full-width-init=\"false\" class=\"vc_custom_1703093585927\"><div class=\"container\"><div class=\"vc_row wpb_row vc_row-fluid  miscellaneous-services-content gt3_vc_row_modified\"><div class=\"wpb_column vc_column_container vc_col-sm-12\">\r\n    <div class=\"vc_column-inner\">\r\n        <div class=\"wpb_wrapper\">\r\n            <div class=\"vc_row wpb_row vc_inner vc_row-fluid gt3_vc_row_modified\">    <div class=\"wpb_column vc_column_container vc_col-sm-6\">\r\n        <div class=\"vc_column-inner\">\r\n            <div class=\"wpb_wrapper\">\r\n                \n\t<div class=\"wpb_text_column wpb_content_element\" >\n\t\t<div class=\"wpb_wrapper\">\n\t\t\t<h2><span style=\"color: #014700;\">Licencia<\/span><\/h2>\n<p><span style=\"color: #014700;\">La concesi\u00f3n de licencias es crucial para las operaciones comerciales legales, y nuestro experimentado equipo legal posee la experiencia para guiarlo a trav\u00e9s de las complejidades de diversos procesos de concesi\u00f3n de licencias, ya sean profesionales, de propiedad intelectual u otros tipos, brind\u00e1ndole asistencia integral desde la solicitud hasta la negociaci\u00f3n y el cumplimiento para garantizar sus operaciones. prosperar dentro de los l\u00edmites legales.<\/span><\/p>\n\n\t\t<\/div>\n\t<\/div>\n            <\/div>\r\n        <\/div>\r\n    <\/div>\r\n    <div class=\"wpb_column vc_column_container vc_col-sm-6\">\r\n        <div class=\"vc_column-inner\">\r\n            <div class=\"wpb_wrapper\">\r\n                \n\t<div  class=\"wpb_single_image wpb_content_element vc_align_left  vc_custom_1703092224720\">\n\t\t\n\t\t<figure class=\"wpb_wrapper vc_figure\">\n\t\t\t<div class=\"vc_single_image-wrapper   vc_box_border_grey\"><img loading=\"lazy\" decoding=\"async\" class=\"vc_single_image-img\" src=\"https:\/\/nawlaw.com\/wp-content\/uploads\/2023\/10\/Untitled-design-36.png\" width=\"605\" height=\"403\" alt=\"Untitled design (36)\" title=\"Untitled design (36)\" \/><\/div>\n\t\t<\/figure>\n\t<\/div>\n            <\/div>\r\n        <\/div>\r\n    <\/div>\r\n<\/div><div class=\"vc_row wpb_row vc_inner vc_row-fluid gt3_vc_row_modified\">    <div class=\"wpb_column vc_column_container vc_col-sm-6\">\r\n        <div class=\"vc_column-inner\">\r\n            <div class=\"wpb_wrapper\">\r\n                \n\t<div  class=\"wpb_single_image wpb_content_element vc_align_left  vc_custom_1703092231776\">\n\t\t\n\t\t<figure class=\"wpb_wrapper vc_figure\">\n\t\t\t<div class=\"vc_single_image-wrapper   vc_box_border_grey\"><img loading=\"lazy\" decoding=\"async\" class=\"vc_single_image-img\" src=\"https:\/\/nawlaw.com\/wp-content\/uploads\/2023\/10\/Untitled-design-37.png\" width=\"605\" height=\"403\" alt=\"Untitled design (37)\" title=\"Untitled design (37)\" \/><\/div>\n\t\t<\/figure>\n\t<\/div>\n            <\/div>\r\n        <\/div>\r\n    <\/div>\r\n    <div class=\"wpb_column vc_column_container vc_col-sm-6\">\r\n        <div class=\"vc_column-inner\">\r\n            <div class=\"wpb_wrapper\">\r\n                \n\t<div class=\"wpb_text_column wpb_content_element\" >\n\t\t<div class=\"wpb_wrapper\">\n\t\t\t<div class=\"wpb_text_column wpb_content_element\">\n<div class=\"wpb_wrapper\">\n<h2><span style=\"color: #014700;\">Cambios de nombre\u00a0<\/span><\/h2>\n<p><span style=\"color: #014700;\">Cambiar el nombre de una persona es un acontecimiento importante en la vida, y nuestro equipo legal capacitado comprende la importancia de un proceso de cambio de nombre fluido y legalmente s\u00f3lido, guiando a los clientes de manera eficiente a trav\u00e9s de todos los pasos necesarios, ya sea debido a matrimonio, divorcio o elecci\u00f3n personal, para ayudar a adoptar un nueva identidad al tiempo que se adhiere a los protocolos legales y se facilita una transici\u00f3n fluida en este importante viaje de autoidentificaci\u00f3n.<\/span><\/p>\n<\/div>\n<\/div>\n<div class=\"gt3_spacing\"><\/div>\n\n\t\t<\/div>\n\t<\/div>\n            <\/div>\r\n        <\/div>\r\n    <\/div>\r\n<\/div><div class=\"vc_row wpb_row vc_inner vc_row-fluid gt3_vc_row_modified\">    <div class=\"wpb_column vc_column_container vc_col-sm-6\">\r\n        <div class=\"vc_column-inner\">\r\n            <div class=\"wpb_wrapper\">\r\n                \n\t<div class=\"wpb_text_column wpb_content_element\" >\n\t\t<div class=\"wpb_wrapper\">\n\t\t\t<h2><span style=\"color: #014700;\">Discriminaci\u00f3n<\/span><\/h2>\n<p><span style=\"color: #014700;\">La discriminaci\u00f3n es una realidad desafortunada que enfrentan muchas personas y que afecta sus oportunidades, bienestar y calidad de vida. Estamos dedicados a combatir la discriminaci\u00f3n en todas sus formas. Nuestros abogados experimentados abogan incansablemente por los derechos de quienes han sido objeto de discriminaci\u00f3n por motivos de raza, g\u00e9nero, edad, discapacidad, orientaci\u00f3n sexual y m\u00e1s. Creemos en fomentar una sociedad donde prevalezcan la igualdad de trato y la justicia, y estamos dispuestos a luchar por los derechos de quienes han sido perjudicados por acciones discriminatorias.<\/span><\/p>\n\n\t\t<\/div>\n\t<\/div>\n            <\/div>\r\n        <\/div>\r\n    <\/div>\r\n    <div class=\"wpb_column vc_column_container vc_col-sm-6\">\r\n        <div class=\"vc_column-inner\">\r\n            <div class=\"wpb_wrapper\">\r\n                \n\t<div  class=\"wpb_single_image wpb_content_element vc_align_left  vc_custom_1703092241740\">\n\t\t\n\t\t<figure class=\"wpb_wrapper vc_figure\">\n\t\t\t<div class=\"vc_single_image-wrapper   vc_box_border_grey\"><img loading=\"lazy\" decoding=\"async\" class=\"vc_single_image-img\" src=\"https:\/\/nawlaw.com\/wp-content\/uploads\/2023\/10\/Untitled-design-38.png\" width=\"605\" height=\"403\" alt=\"Untitled design (38)\" title=\"Untitled design (38)\" \/><\/div>\n\t\t<\/figure>\n\t<\/div>\n            <\/div>\r\n        <\/div>\r\n    <\/div>\r\n<\/div>        <\/div>\r\n    <\/div>\r\n<\/div>\r\n<\/div><\/div><!-- .container --><\/div><div class=\"vc_row-full-width vc_clearfix\"><\/div><div class=\"\"><div class=\"container\"><div class=\"vc_row wpb_row vc_row-fluid gt3_vc_row_modified\"><div class=\"wpb_column vc_column_container vc_col-sm-12\">\r\n    <div class=\"vc_column-inner\">\r\n        <div class=\"wpb_wrapper\">\r\n                <div class=\"gt3_spacing\">\r\n        <div class=\"gt3_spacing-height gt3_spacing-height_default\" style=\"height: 60px;\"><\/div>\r\n            <\/div>\r\n            <\/div>\r\n    <\/div>\r\n<\/div>\r\n<\/div><\/div><!-- .container --><\/div>\n<\/section>","protected":false},"excerpt":{"rendered":"Legal Services We Offer Licensing Licensing is crucial for legal business operations, and our seasoned legal team possesses the expertise to guide you through the complexities of various licensing processes, whether professional, intellectual property, or other types, providing comprehensive assistance from application to negotiation and compliance to ensure your operations thrive within legal bounds. Name [...]","protected":false},"author":1,"featured_media":0,"parent":0,"menu_order":0,"comment_status":"closed","ping_status":"closed","template":"","meta":{"_monsterinsights_skip_tracking":false,"_monsterinsights_sitenote_active":false,"_monsterinsights_sitenote_note":"","_monsterinsights_sitenote_category":0,"footnotes":""},"class_list":["post-3736","page","type-page","status-publish","hentry"],"acf":[],"_links":{"self":[{"href":"https:\/\/nawlaw.com\/es\/wp-json\/wp\/v2\/pages\/3736","targetHints":{"allow":["GET"]}}],"collection":[{"href":"https:\/\/nawlaw.com\/es\/wp-json\/wp\/v2\/pages"}],"about":[{"href":"https:\/\/nawlaw.com\/es\/wp-json\/wp\/v2\/types\/page"}],"author":[{"embeddable":true,"href":"https:\/\/nawlaw.com\/es\/wp-json\/wp\/v2\/users\/1"}],"replies":[{"embeddable":true,"href":"https:\/\/nawlaw.com\/es\/wp-json\/wp\/v2\/comments?post=3736"}],"version-history":[{"count":17,"href":"https:\/\/nawlaw.com\/es\/wp-json\/wp\/v2\/pages\/3736\/revisions"}],"predecessor-version":[{"id":5031,"href":"https:\/\/nawlaw.com\/es\/wp-json\/wp\/v2\/pages\/3736\/revisions\/5031"}],"wp:attachment":[{"href":"https:\/\/nawlaw.com\/es\/wp-json\/wp\/v2\/media?parent=3736"}],"curies":[{"name":"wp","href":"https:\/\/api.w.org\/{rel}","templated":true}]}}