{"id":3737,"date":"2023-10-05T19:10:53","date_gmt":"2023-10-05T19:10:53","guid":{"rendered":"https:\/\/nawlaw.com\/?page_id=3737"},"modified":"2025-06-23T20:48:35","modified_gmt":"2025-06-23T20:48:35","slug":"new-real-estate","status":"publish","type":"page","link":"https:\/\/nawlaw.com\/es\/new-real-estate\/","title":{"rendered":"Bienes Ra\u00edces"},"content":{"rendered":"<section class=\"wpb-content-wrapper\"><div data-vc-full-width=\"true\" data-vc-full-width-init=\"false\" class=\"vc_custom_1703088255366\"><div class=\"container\"><div class=\"vc_row wpb_row vc_row-fluid gt3_vc_row_modified vc_row-has-fill\"><div class=\"wpb_column vc_column_container vc_col-sm-12\">\r\n    <div class=\"vc_column-inner\">\r\n        <div class=\"wpb_wrapper\">\r\n            <div data-color=\"#ffffff\" class=\"gt3_custom_text  vc_custom_1703088335575 gt3_line-break-tablet gt3_font-size-inherit gt3_line-height-inherit gt3_color-inherit gt3_separator-disable gt3_full_width-active\" style=\"font-size: 50px;line-height: 165%; color: #f8f8f9; \"> <div class=\"gt3_custom_text-font_size_sm_desktop\" style=\"font-size:45px;line-height: 165%;\"> <div class=\"gt3_custom_text-font_size_tablet\" style=\"font-size:40px;line-height: 165%;\"> <div class=\"gt3_custom_text-font_size_mobile\" style=\"font-size:40px;line-height: 165%;\"><h2 style=\"text-align: center;\"><span style=\"text-decoration: underline; color: #c2b697;\" class=\"underline\">Servicios Legales que Ofrecemos<\/span><\/h2>\n <\/div> <\/div> <\/div><\/div>        <\/div>\r\n    <\/div>\r\n<\/div>\r\n<\/div><\/div><!-- .container --><\/div><div class=\"vc_row-full-width vc_clearfix\"><\/div><div data-vc-full-width=\"true\" data-vc-full-width-init=\"false\" class=\"vc_custom_1703088644321\"><div class=\"container\"><div class=\"vc_row wpb_row vc_row-fluid  real-estate-content gt3_vc_row_modified\"><div class=\"wpb_column vc_column_container vc_col-sm-12\">\r\n    <div class=\"vc_column-inner\">\r\n        <div class=\"wpb_wrapper\">\r\n            <div class=\"vc_row wpb_row vc_inner vc_row-fluid gt3_vc_row_modified\">    <div class=\"wpb_column vc_column_container vc_col-sm-6\">\r\n        <div class=\"vc_column-inner\">\r\n            <div class=\"wpb_wrapper\">\r\n                \n\t<div class=\"wpb_text_column wpb_content_element\" >\n\t\t<div class=\"wpb_wrapper\">\n\t\t\t<h2><span style=\"color: #014700;\">Compras y Ventas de Propiedad\u00a0<\/span><\/h2>\n<p><span style=\"color: #014700;\">Navegar por la compra o venta de una propiedad es un evento importante en la vida y una transacci\u00f3n financiera, y ya sea comprando la casa de sus sue\u00f1os o vendiendo una propiedad de inversi\u00f3n, incluido un condominio o una cooperativa, nuestro enfoque en el servicio personalizado y la comunicaci\u00f3n clara tiene como objetivo agilizar el proceso. y proteja sus intereses, asegur\u00e1ndose de que pueda navegar con confianza por las complejidades con un equipo legal dedicado a su lado.<\/span><\/p>\n\n\t\t<\/div>\n\t<\/div>\n            <\/div>\r\n        <\/div>\r\n    <\/div>\r\n    <div class=\"wpb_column vc_column_container vc_col-sm-6\">\r\n        <div class=\"vc_column-inner\">\r\n            <div class=\"wpb_wrapper\">\r\n                \n\t<div  class=\"wpb_single_image wpb_content_element vc_align_left  vc_custom_1703088573071\">\n\t\t\n\t\t<figure class=\"wpb_wrapper vc_figure\">\n\t\t\t<div class=\"vc_single_image-wrapper   vc_box_border_grey\"><img loading=\"lazy\" decoding=\"async\" class=\"vc_single_image-img\" src=\"https:\/\/nawlaw.com\/wp-content\/uploads\/2023\/10\/Untitled-design-30.png\" width=\"605\" height=\"403\" alt=\"Untitled design (30)\" title=\"Untitled design (30)\" \/><\/div>\n\t\t<\/figure>\n\t<\/div>\n            <\/div>\r\n        <\/div>\r\n    <\/div>\r\n<\/div><div class=\"vc_row wpb_row vc_inner vc_row-fluid gt3_vc_row_modified\">    <div class=\"wpb_column vc_column_container vc_col-sm-6\">\r\n        <div class=\"vc_column-inner\">\r\n            <div class=\"wpb_wrapper\">\r\n                \n\t<div  class=\"wpb_single_image wpb_content_element vc_align_left  vc_custom_1703088577166\">\n\t\t\n\t\t<figure class=\"wpb_wrapper vc_figure\">\n\t\t\t<div class=\"vc_single_image-wrapper   vc_box_border_grey\"><img loading=\"lazy\" decoding=\"async\" class=\"vc_single_image-img\" src=\"https:\/\/nawlaw.com\/wp-content\/uploads\/2023\/12\/Untitled-design-8.png\" width=\"605\" height=\"403\" alt=\"wefwef\" title=\"Untitled design (8)\" \/><\/div>\n\t\t<\/figure>\n\t<\/div>\n            <\/div>\r\n        <\/div>\r\n    <\/div>\r\n    <div class=\"wpb_column vc_column_container vc_col-sm-6\">\r\n        <div class=\"vc_column-inner\">\r\n            <div class=\"wpb_wrapper\">\r\n                \n\t<div class=\"wpb_text_column wpb_content_element\" >\n\t\t<div class=\"wpb_wrapper\">\n\t\t\t<div class=\"wpb_text_column wpb_content_element\">\n<div class=\"wpb_wrapper\">\n<h2><span style=\"color: #014700;\">Contratos y acuerdos inmobiliarios\u00a0<\/span><\/h2>\n<p><span style=\"color: #014700;\">Los contratos y acuerdos inmobiliarios, cruciales para cualquier transacci\u00f3n inmobiliaria, exigen una redacci\u00f3n precisa y una revisi\u00f3n cuidadosa, y ya sea compra, venta, arrendamiento o inversi\u00f3n, nuestro objetivo es garantizar contratos legalmente s\u00f3lidos y adaptados a sus objetivos, brindando un servicio personalizado con una atenci\u00f3n meticulosa a detalle, comunicaci\u00f3n clara y orientaci\u00f3n a lo largo del proceso para alinear cada cl\u00e1usula y estipulaci\u00f3n con sus necesidades y objetivos \u00fanicos.<\/span><\/p>\n<p>&nbsp;<\/p>\n<\/div>\n<\/div>\n<div class=\"gt3_spacing\"><\/div>\n\n\t\t<\/div>\n\t<\/div>\n            <\/div>\r\n        <\/div>\r\n    <\/div>\r\n<\/div>        <\/div>\r\n    <\/div>\r\n<\/div>\r\n<\/div><\/div><!-- .container --><\/div><div class=\"vc_row-full-width vc_clearfix\"><\/div><div class=\"\"><div class=\"container\"><div class=\"vc_row wpb_row vc_row-fluid gt3_vc_row_modified\"><div class=\"wpb_column vc_column_container vc_col-sm-12\">\r\n    <div class=\"vc_column-inner\">\r\n        <div class=\"wpb_wrapper\">\r\n                <div class=\"gt3_spacing\">\r\n        <div class=\"gt3_spacing-height gt3_spacing-height_default\" style=\"height: 60px;\"><\/div>\r\n            <\/div>\r\n            <\/div>\r\n    <\/div>\r\n<\/div>\r\n<\/div><\/div><!-- .container --><\/div>\n<\/section>","protected":false},"excerpt":{"rendered":"Legal Services We Offer Purchases &amp; Sales of Property\u00a0 Navigating the purchase or sale of a property is a significant life event and financial transaction, and whether buying a dream home or selling an investment property, including a condo or co-op, our focus on personalized service and clear communication aims to streamline the process and [...]","protected":false},"author":1,"featured_media":0,"parent":0,"menu_order":0,"comment_status":"closed","ping_status":"closed","template":"","meta":{"_monsterinsights_skip_tracking":false,"_monsterinsights_sitenote_active":false,"_monsterinsights_sitenote_note":"","_monsterinsights_sitenote_category":0,"footnotes":""},"class_list":["post-3737","page","type-page","status-publish","hentry"],"acf":[],"_links":{"self":[{"href":"https:\/\/nawlaw.com\/es\/wp-json\/wp\/v2\/pages\/3737","targetHints":{"allow":["GET"]}}],"collection":[{"href":"https:\/\/nawlaw.com\/es\/wp-json\/wp\/v2\/pages"}],"about":[{"href":"https:\/\/nawlaw.com\/es\/wp-json\/wp\/v2\/types\/page"}],"author":[{"embeddable":true,"href":"https:\/\/nawlaw.com\/es\/wp-json\/wp\/v2\/users\/1"}],"replies":[{"embeddable":true,"href":"https:\/\/nawlaw.com\/es\/wp-json\/wp\/v2\/comments?post=3737"}],"version-history":[{"count":14,"href":"https:\/\/nawlaw.com\/es\/wp-json\/wp\/v2\/pages\/3737\/revisions"}],"predecessor-version":[{"id":5029,"href":"https:\/\/nawlaw.com\/es\/wp-json\/wp\/v2\/pages\/3737\/revisions\/5029"}],"wp:attachment":[{"href":"https:\/\/nawlaw.com\/es\/wp-json\/wp\/v2\/media?parent=3737"}],"curies":[{"name":"wp","href":"https:\/\/api.w.org\/{rel}","templated":true}]}}