{"id":3742,"date":"2023-10-05T19:10:37","date_gmt":"2023-10-05T19:10:37","guid":{"rendered":"https:\/\/nawlaw.com\/?page_id=3742"},"modified":"2025-06-23T20:46:49","modified_gmt":"2025-06-23T20:46:49","slug":"new-matrimonial-family","status":"publish","type":"page","link":"https:\/\/nawlaw.com\/es\/new-matrimonial-family\/","title":{"rendered":"Matrimonial y Familia"},"content":{"rendered":"<section class=\"wpb-content-wrapper\"><div data-vc-full-width=\"true\" data-vc-full-width-init=\"false\" class=\"vc_custom_1696448729112\"><div class=\"container\"><div class=\"vc_row wpb_row vc_row-fluid gt3_vc_row_modified vc_row-has-fill\"><div class=\"wpb_column vc_column_container vc_col-sm-12\">\r\n    <div class=\"vc_column-inner\">\r\n        <div class=\"wpb_wrapper\">\r\n            <div data-color=\"#ffffff\" class=\"gt3_custom_text  vc_custom_1703025687621 gt3_line-break-tablet gt3_font-size-inherit gt3_line-height-inherit gt3_color-inherit gt3_separator-disable gt3_full_width-active\" style=\"font-size: 50px;line-height: 165%; color: #272b2e; \"> <div class=\"gt3_custom_text-font_size_sm_desktop\" style=\"font-size:45px;line-height: 165%;\"> <div class=\"gt3_custom_text-font_size_tablet\" style=\"font-size:40px;line-height: 165%;\"> <div class=\"gt3_custom_text-font_size_mobile\" style=\"font-size:40px;line-height: 165%;\"><h2 style=\"text-align: center;\"><span style=\"text-decoration: underline; color: #c2b697;\" class=\"underline\">Servicios Legales que Ofrecemos<\/span><\/h2>\n <\/div> <\/div> <\/div><\/div>        <\/div>\r\n    <\/div>\r\n<\/div>\r\n<\/div><\/div><!-- .container --><\/div><div class=\"vc_row-full-width vc_clearfix\"><\/div><div data-vc-full-width=\"true\" data-vc-full-width-init=\"false\" class=\"vc_custom_1703026847547\"><div class=\"container\"><div class=\"vc_row wpb_row vc_row-fluid  matrimonial-family-content gt3_vc_row_modified\"><div class=\"wpb_column vc_column_container vc_col-sm-12\">\r\n    <div class=\"vc_column-inner\">\r\n        <div class=\"wpb_wrapper\">\r\n            <div class=\"vc_row wpb_row vc_inner vc_row-fluid vc_custom_1703025795495 gt3_vc_row_modified\">    <div class=\"wpb_column vc_column_container vc_col-sm-6\">\r\n        <div class=\"vc_column-inner\">\r\n            <div class=\"wpb_wrapper\">\r\n                \n\t<div class=\"wpb_text_column wpb_content_element\" >\n\t\t<div class=\"wpb_wrapper\">\n\t\t\t<h2><span style=\"color: #014700;\">Divorcio no disputado\u00a0<\/span><\/h2>\n<p><span style=\"color: #014700;\">Simplifique el desafiante camino del divorcio con nuestro dedicado equipo legal, gui\u00e1ndolo r\u00e1pidamente a trav\u00e9s de un divorcio sin oposici\u00f3n donde los acuerdos mutuos sobre cuestiones esenciales conducen a una resoluci\u00f3n armoniosa y rentable, preservando las relaciones y enfoc\u00e1ndose en un futuro positivo mientras se conserva el control sobre el resultado y ahorrando tiempo y gastos asociados con un divorcio litigado. Hemos logrado obtener divorcios de mutuo acuerdo en menos de 4 semanas.<\/span><\/p>\n\n\t\t<\/div>\n\t<\/div>\n            <\/div>\r\n        <\/div>\r\n    <\/div>\r\n    <div class=\"wpb_column vc_column_container vc_col-sm-6\">\r\n        <div class=\"vc_column-inner\">\r\n            <div class=\"wpb_wrapper\">\r\n                \n\t<div  class=\"wpb_single_image wpb_content_element vc_align_left  vc_custom_1703025833347\">\n\t\t\n\t\t<figure class=\"wpb_wrapper vc_figure\">\n\t\t\t<div class=\"vc_single_image-wrapper   vc_box_border_grey\"><img loading=\"lazy\" decoding=\"async\" class=\"vc_single_image-img\" src=\"https:\/\/nawlaw.com\/wp-content\/uploads\/2023\/10\/Untitled-design-18.png\" width=\"605\" height=\"403\" alt=\"Untitled design (18)\" title=\"Untitled design (18)\" \/><\/div>\n\t\t<\/figure>\n\t<\/div>\n            <\/div>\r\n        <\/div>\r\n    <\/div>\r\n<\/div><div class=\"vc_row wpb_row vc_inner vc_row-fluid gt3_vc_row_modified\">    <div class=\"wpb_column vc_column_container vc_col-sm-6\">\r\n        <div class=\"vc_column-inner\">\r\n            <div class=\"wpb_wrapper\">\r\n                \n\t<div  class=\"wpb_single_image wpb_content_element vc_align_left  vc_custom_1703025851502\">\n\t\t\n\t\t<figure class=\"wpb_wrapper vc_figure\">\n\t\t\t<div class=\"vc_single_image-wrapper   vc_box_border_grey\"><img loading=\"lazy\" decoding=\"async\" class=\"vc_single_image-img\" src=\"https:\/\/nawlaw.com\/wp-content\/uploads\/2023\/10\/Untitled-design-19.png\" width=\"605\" height=\"403\" alt=\"Untitled design (19)\" title=\"Untitled design (19)\" \/><\/div>\n\t\t<\/figure>\n\t<\/div>\n            <\/div>\r\n        <\/div>\r\n    <\/div>\r\n    <div class=\"wpb_column vc_column_container vc_col-sm-6\">\r\n        <div class=\"vc_column-inner\">\r\n            <div class=\"wpb_wrapper\">\r\n                \n\t<div class=\"wpb_text_column wpb_content_element\" >\n\t\t<div class=\"wpb_wrapper\">\n\t\t\t<div class=\"wpb_text_column wpb_content_element\">\n<div class=\"wpb_wrapper\">\n<h2><span style=\"color: #014700;\">Acuerdos prenupciales y posnupciales\u00a0\u00a0<\/span><\/h2>\n<p><span style=\"color: #014700;\">Los acuerdos prenupciales y postnupciales, poderosas herramientas legales dise\u00f1adas para proteger activos, definir responsabilidades financieras y delinear las expectativas dentro de un matrimonio, son elaborados por nuestro dedicado equipo legal para proporcionar un marco claro para la divisi\u00f3n de activos y la manutenci\u00f3n conyugal, adaptados para satisfacer sus necesidades \u00fanicas. necesidades y circunstancias.<\/span><\/p>\n<\/div>\n<\/div>\n<div class=\"gt3_spacing\"><\/div>\n\n\t\t<\/div>\n\t<\/div>\n            <\/div>\r\n        <\/div>\r\n    <\/div>\r\n<\/div><div class=\"vc_row wpb_row vc_inner vc_row-fluid gt3_vc_row_modified\">    <div class=\"wpb_column vc_column_container vc_col-sm-6\">\r\n        <div class=\"vc_column-inner\">\r\n            <div class=\"wpb_wrapper\">\r\n                \n\t<div class=\"wpb_text_column wpb_content_element\" >\n\t\t<div class=\"wpb_wrapper\">\n\t\t\t<div class=\"wpb_text_column wpb_content_element\">\n<div class=\"wpb_wrapper\">\n<h2><span style=\"color: #014700;\">Acuerdos de separaci\u00f3n <\/span><\/h2>\n<p><span style=\"color: #014700;\">Los acuerdos de separaci\u00f3n, documentos legales vitales que describen los t\u00e9rminos y condiciones para las parejas que se separan, sirven como una hoja de ruta clara para la divisi\u00f3n de activos, la custodia de los hijos, la pensi\u00f3n alimenticia y otros asuntos cruciales durante el per\u00edodo de separaci\u00f3n; Nuestro equipo legal capacitado est\u00e1 comprometido a elaborar acuerdos personalizados que minimicen los conflictos y las batallas legales, promoviendo un proceso de separaci\u00f3n m\u00e1s amigable y garantizando que sus derechos y su futuro est\u00e9n salvaguardados durante este momento dif\u00edcil.<\/span><\/p>\n<\/div>\n<\/div>\n<div class=\"gt3_spacing\"><\/div>\n\n\t\t<\/div>\n\t<\/div>\n            <\/div>\r\n        <\/div>\r\n    <\/div>\r\n    <div class=\"wpb_column vc_column_container vc_col-sm-6\">\r\n        <div class=\"vc_column-inner\">\r\n            <div class=\"wpb_wrapper\">\r\n                \n\t<div  class=\"wpb_single_image wpb_content_element vc_align_left  vc_custom_1703025868756\">\n\t\t\n\t\t<figure class=\"wpb_wrapper vc_figure\">\n\t\t\t<div class=\"vc_single_image-wrapper   vc_box_border_grey\"><img loading=\"lazy\" decoding=\"async\" class=\"vc_single_image-img\" src=\"https:\/\/nawlaw.com\/wp-content\/uploads\/2023\/10\/Untitled-design-20.png\" width=\"605\" height=\"403\" alt=\"Untitled design (20)\" title=\"Untitled design (20)\" \/><\/div>\n\t\t<\/figure>\n\t<\/div>\n            <\/div>\r\n        <\/div>\r\n    <\/div>\r\n<\/div>        <\/div>\r\n    <\/div>\r\n<\/div>\r\n<\/div><\/div><!-- .container --><\/div><div class=\"vc_row-full-width vc_clearfix\"><\/div><div class=\"\"><div class=\"container\"><div class=\"vc_row wpb_row vc_row-fluid gt3_vc_row_modified\"><div class=\"wpb_column vc_column_container vc_col-sm-12\">\r\n    <div class=\"vc_column-inner\">\r\n        <div class=\"wpb_wrapper\">\r\n                <div class=\"gt3_spacing\">\r\n        <div class=\"gt3_spacing-height gt3_spacing-height_default\" style=\"height: 60px;\"><\/div>\r\n            <\/div>\r\n            <\/div>\r\n    <\/div>\r\n<\/div>\r\n<\/div><\/div><!-- .container --><\/div>\n<\/section>","protected":false},"excerpt":{"rendered":"Legal Services We Offer Uncontested Divorce\u00a0 Simplify the challenging path of divorce with our dedicated legal team, guiding you quickly through an uncontested divorce where mutual agreements on essential issues lead to a harmonious and cost-effective resolution, preserving relationships and focusing on a positive future while retaining control over the outcome and saving time and [...]","protected":false},"author":1,"featured_media":0,"parent":0,"menu_order":0,"comment_status":"closed","ping_status":"closed","template":"","meta":{"_monsterinsights_skip_tracking":false,"_monsterinsights_sitenote_active":false,"_monsterinsights_sitenote_note":"","_monsterinsights_sitenote_category":0,"footnotes":""},"class_list":["post-3742","page","type-page","status-publish","hentry"],"acf":[],"_links":{"self":[{"href":"https:\/\/nawlaw.com\/es\/wp-json\/wp\/v2\/pages\/3742","targetHints":{"allow":["GET"]}}],"collection":[{"href":"https:\/\/nawlaw.com\/es\/wp-json\/wp\/v2\/pages"}],"about":[{"href":"https:\/\/nawlaw.com\/es\/wp-json\/wp\/v2\/types\/page"}],"author":[{"embeddable":true,"href":"https:\/\/nawlaw.com\/es\/wp-json\/wp\/v2\/users\/1"}],"replies":[{"embeddable":true,"href":"https:\/\/nawlaw.com\/es\/wp-json\/wp\/v2\/comments?post=3742"}],"version-history":[{"count":15,"href":"https:\/\/nawlaw.com\/es\/wp-json\/wp\/v2\/pages\/3742\/revisions"}],"predecessor-version":[{"id":5026,"href":"https:\/\/nawlaw.com\/es\/wp-json\/wp\/v2\/pages\/3742\/revisions\/5026"}],"wp:attachment":[{"href":"https:\/\/nawlaw.com\/es\/wp-json\/wp\/v2\/media?parent=3742"}],"curies":[{"name":"wp","href":"https:\/\/api.w.org\/{rel}","templated":true}]}}