{"id":3845,"date":"2023-10-24T15:10:43","date_gmt":"2023-10-24T15:10:43","guid":{"rendered":"https:\/\/nawlaw.com\/?page_id=3845"},"modified":"2025-06-23T20:18:19","modified_gmt":"2025-06-23T20:18:19","slug":"family-immigration","status":"publish","type":"page","link":"https:\/\/nawlaw.com\/es\/family-immigration\/","title":{"rendered":"Inmigraci\u00f3n Familiar"},"content":{"rendered":"<section class=\"wpb-content-wrapper\"><div class=\"vc_custom_1702970486620\"><div class=\"container\"><div class=\"vc_row wpb_row vc_row-fluid gt3_vc_row_modified\"><div class=\"wpb_column vc_column_container vc_col-sm-12\">\r\n    <div class=\"vc_column-inner vc_custom_1702970596256\">\r\n        <div class=\"wpb_wrapper\">\r\n            <div data-color=\"#ffffff\" class=\"gt3_custom_text  gt3_line-break-default gt3_font-size-inherit gt3_line-height-inherit gt3_color-inherit gt3_separator-disable gt3_full_width-active\" style=\"font-size: 22px;line-height: 165%; color: #ccbd99; \"><p style=\"text-align: left;\"><span style=\"color: #014700;\">At Naw Law, we prioritize family unity, offering expert guidance on family immigration to help loved ones reunite in the United States. Our dedicated Family Immigration Services page provides information on processes such as family-sponsored green cards and fianc\u00e9 visas, ensuring families can navigate legal procedures with clarity and confidence.<\/span><\/p>\n<\/div>        <\/div>\r\n    <\/div>\r\n<\/div>\r\n<\/div><\/div><!-- .container --><\/div><div data-vc-full-width=\"true\" data-vc-full-width-init=\"false\" class=\"vc_custom_1696448729112\"><div class=\"container\"><div class=\"vc_row wpb_row vc_row-fluid gt3_vc_row_modified vc_row-has-fill\"><div class=\"wpb_column vc_column_container vc_col-sm-12\">\r\n    <div class=\"vc_column-inner\">\r\n        <div class=\"wpb_wrapper\">\r\n            <div data-color=\"#ffffff\" class=\"gt3_custom_text  vc_custom_1703011736670 gt3_line-break-tablet gt3_font-size-inherit gt3_line-height-inherit gt3_color-inherit gt3_separator-disable gt3_full_width-active\" style=\"font-size: 50px;line-height: 165%; color: #f8f8f9; \"> <div class=\"gt3_custom_text-font_size_sm_desktop\" style=\"font-size:45px;line-height: 165%;\"> <div class=\"gt3_custom_text-font_size_tablet\" style=\"font-size:40px;line-height: 165%;\"> <div class=\"gt3_custom_text-font_size_mobile\" style=\"font-size:40px;line-height: 165%;\"><h1 style=\"text-align: center;\"><span style=\"text-decoration: underline; color: #c2b697;\" class=\"underline\">Servicios Legales que Ofrecemos<\/span><\/h1>\n <\/div> <\/div> <\/div><\/div>        <\/div>\r\n    <\/div>\r\n<\/div>\r\n<\/div><\/div><!-- .container --><\/div><div class=\"vc_row-full-width vc_clearfix\"><\/div><div data-vc-full-width=\"true\" data-vc-full-width-init=\"false\" class=\"\"><div class=\"container\"><div class=\"vc_row wpb_row vc_row-fluid  legal-services-content gt3_vc_row_modified\"><div class=\"wpb_column vc_column_container vc_col-sm-12\">\r\n    <div class=\"vc_column-inner\">\r\n        <div class=\"wpb_wrapper\">\r\n            <div class=\"vc_row wpb_row vc_inner vc_row-fluid gt3_vc_row_modified\">    <div class=\"wpb_column vc_column_container vc_col-sm-6\">\r\n        <div class=\"vc_column-inner\">\r\n            <div class=\"wpb_wrapper\">\r\n                \n\t<div class=\"wpb_text_column wpb_content_element\" >\n\t\t<div class=\"wpb_wrapper\">\n\t\t\t<h2><span style=\"color: #014700;\">Ajuste basado en el matrimonio\u00a0<\/span><\/h2>\n<p><span style=\"color: #014700;\">Los ajustes basados en el matrimonio son una piedra angular de la inmigraci\u00f3n familiar, ya que permiten a las parejas construir una vida juntos. Nos especializamos en ayudar a parejas que buscan ajustar su estatus migratorio despu\u00e9s del matrimonio. Nuestros experimentados abogados de inmigraci\u00f3n brindan orientaci\u00f3n experta y apoyo legal para garantizar una transici\u00f3n sin problemas de una visa de prometido o c\u00f3nyuge a una residencia permanente legal. Nos dedicamos a ayudar a las parejas a comprender y navegar estos procedimientos con claridad y confianza mientras se embarcan en su viaje para construir una vida juntos.<\/span><\/p>\n\n\t\t<\/div>\n\t<\/div>\n            <\/div>\r\n        <\/div>\r\n    <\/div>\r\n    <div class=\"wpb_column vc_column_container vc_col-sm-6\">\r\n        <div class=\"vc_column-inner\">\r\n            <div class=\"wpb_wrapper\">\r\n                \n\t<div  class=\"wpb_single_image wpb_content_element vc_align_left  vc_custom_1698354920033\">\n\t\t\n\t\t<figure class=\"wpb_wrapper vc_figure\">\n\t\t\t<div class=\"vc_single_image-wrapper vc_box_shadow  vc_box_border_grey\"><img loading=\"lazy\" decoding=\"async\" class=\"vc_single_image-img\" src=\"https:\/\/nawlaw.com\/wp-content\/uploads\/2023\/10\/Untitled-design-63.png\" width=\"605\" height=\"403\" alt=\"Untitled design (63)\" title=\"Untitled design (63)\" \/><\/div>\n\t\t<\/figure>\n\t<\/div>\n            <\/div>\r\n        <\/div>\r\n    <\/div>\r\n<\/div><div class=\"vc_row wpb_row vc_inner vc_row-fluid gt3_vc_row_modified\">    <div class=\"wpb_column vc_column_container vc_col-sm-6\">\r\n        <div class=\"vc_column-inner\">\r\n            <div class=\"wpb_wrapper\">\r\n                \n\t<div  class=\"wpb_single_image wpb_content_element vc_align_left  vc_custom_1698354935199\">\n\t\t\n\t\t<figure class=\"wpb_wrapper vc_figure\">\n\t\t\t<div class=\"vc_single_image-wrapper vc_box_shadow  vc_box_border_grey\"><img loading=\"lazy\" decoding=\"async\" class=\"vc_single_image-img\" src=\"https:\/\/nawlaw.com\/wp-content\/uploads\/2023\/10\/Untitled-design-64.png\" width=\"605\" height=\"403\" alt=\"Untitled design (64)\" title=\"Untitled design (64)\" \/><\/div>\n\t\t<\/figure>\n\t<\/div>\n            <\/div>\r\n        <\/div>\r\n    <\/div>\r\n    <div class=\"wpb_column vc_column_container vc_col-sm-6\">\r\n        <div class=\"vc_column-inner\">\r\n            <div class=\"wpb_wrapper\">\r\n                \n\t<div class=\"wpb_text_column wpb_content_element\" >\n\t\t<div class=\"wpb_wrapper\">\n\t\t\t<div class=\"wpb_text_column wpb_content_element\">\n<div class=\"wpb_wrapper\">\n<h2><span style=\"color: #014700;\">K-Visas<\/span><\/h2>\n<p><span style=\"color: #014700;\">Las visas K sirven como salvavidas para parejas separadas por fronteras, proporcionando un medio legal para que los prometidos y sus parejas se re\u00fanan; Nuestro personal experimentado navega por las complejidades de las visas K-1 y K-3, ofreciendo orientaci\u00f3n experta para garantizar que las parejas cumplan con los criterios para la entrada legal y se embarquen en el viaje para construir una vida juntos en los Estados Unidos.<\/span><\/p>\n<\/div>\n<\/div>\n<div class=\"gt3_spacing\"><\/div>\n\n\t\t<\/div>\n\t<\/div>\n            <\/div>\r\n        <\/div>\r\n    <\/div>\r\n<\/div><div class=\"vc_row wpb_row vc_inner vc_row-fluid gt3_vc_row_modified\">    <div class=\"wpb_column vc_column_container vc_col-sm-6\">\r\n        <div class=\"vc_column-inner\">\r\n            <div class=\"wpb_wrapper\">\r\n                \n\t<div class=\"wpb_text_column wpb_content_element\" >\n\t\t<div class=\"wpb_wrapper\">\n\t\t\t<h2><span style=\"color: #014700;\">VAWA<\/span><\/h2>\n<p><span style=\"color: #014700;\">Comprometidos a ayudar a los sobrevivientes de violencia dom\u00e9stica a trav\u00e9s del programa de inmigraci\u00f3n VAWA, nuestro equipo legal experimentado garantiza un enfoque compasivo y de apoyo, guiando a los sobrevivientes, tanto hombres como mujeres, hacia la residencia permanente legal para un futuro m\u00e1s brillante y seguro en los Estados Unidos.<\/span><\/p>\n\n\t\t<\/div>\n\t<\/div>\n            <\/div>\r\n        <\/div>\r\n    <\/div>\r\n    <div class=\"wpb_column vc_column_container vc_col-sm-6\">\r\n        <div class=\"vc_column-inner\">\r\n            <div class=\"wpb_wrapper\">\r\n                \n\t<div  class=\"wpb_single_image wpb_content_element vc_align_left  vc_custom_1698354960575\">\n\t\t\n\t\t<figure class=\"wpb_wrapper vc_figure\">\n\t\t\t<div class=\"vc_single_image-wrapper vc_box_shadow  vc_box_border_grey\"><img loading=\"lazy\" decoding=\"async\" class=\"vc_single_image-img\" src=\"https:\/\/nawlaw.com\/wp-content\/uploads\/2023\/10\/Untitled-design-51.png\" width=\"605\" height=\"403\" alt=\"Untitled design (51)\" title=\"Untitled design (51)\" \/><\/div>\n\t\t<\/figure>\n\t<\/div>\n            <\/div>\r\n        <\/div>\r\n    <\/div>\r\n<\/div><div class=\"vc_row wpb_row vc_inner vc_row-fluid gt3_vc_row_modified\">    <div class=\"wpb_column vc_column_container vc_col-sm-6\">\r\n        <div class=\"vc_column-inner\">\r\n            <div class=\"wpb_wrapper\">\r\n                \n\t<div  class=\"wpb_single_image wpb_content_element vc_align_left  vc_custom_1698355028015\">\n\t\t\n\t\t<figure class=\"wpb_wrapper vc_figure\">\n\t\t\t<div class=\"vc_single_image-wrapper vc_box_shadow  vc_box_border_grey\"><img loading=\"lazy\" decoding=\"async\" class=\"vc_single_image-img\" src=\"https:\/\/nawlaw.com\/wp-content\/uploads\/2023\/10\/Untitled-design-65.png\" width=\"605\" height=\"403\" alt=\"Untitled design (65)\" title=\"Untitled design (65)\" \/><\/div>\n\t\t<\/figure>\n\t<\/div>\n            <\/div>\r\n        <\/div>\r\n    <\/div>\r\n    <div class=\"wpb_column vc_column_container vc_col-sm-6\">\r\n        <div class=\"vc_column-inner\">\r\n            <div class=\"wpb_wrapper\">\r\n                \n\t<div class=\"wpb_text_column wpb_content_element\" >\n\t\t<div class=\"wpb_wrapper\">\n\t\t\t<div class=\"wpb_text_column wpb_content_element\">\n<div class=\"wpb_wrapper\">\n<h2><span style=\"color: #014700;\">El patrocinio de la familia\u00a0<\/span><\/h2>\n<p><span style=\"color: #014700;\">El patrocinio familiar, una piedra angular de la ley de inmigraci\u00f3n de los Estados Unidos, permite a los ciudadanos y residentes permanentes reunirse con sus seres queridos en los Estados Unidos, y nuestro experimentado equipo legal gu\u00eda a las familias a trav\u00e9s de las complejidades, brind\u00e1ndoles apoyo experto para empoderarlos a dar pasos seguros hacia la construcci\u00f3n y el fortalecimiento de sus vidas. juntos en los Estados Unidos.<\/span><\/p>\n<\/div>\n<\/div>\n<div class=\"gt3_spacing\"><\/div>\n\n\t\t<\/div>\n\t<\/div>\n            <\/div>\r\n        <\/div>\r\n    <\/div>\r\n<\/div><div class=\"vc_row wpb_row vc_inner vc_row-fluid gt3_vc_row_modified\">    <div class=\"wpb_column vc_column_container vc_col-sm-6\">\r\n        <div class=\"vc_column-inner\">\r\n            <div class=\"wpb_wrapper\">\r\n                \n\t<div class=\"wpb_text_column wpb_content_element\" >\n\t\t<div class=\"wpb_wrapper\">\n\t\t\t<h2><span style=\"color: #014700;\">Eliminaci\u00f3n de condiciones\u00a0<\/span><\/h2>\n<p><span style=\"color: #014700;\">El proceso de Eliminaci\u00f3n de Condiciones es crucial para las personas con residencia permanente condicional obtenida a trav\u00e9s del matrimonio, y guiamos a nuestros clientes para que comprendan la elegibilidad, la documentaci\u00f3n y los requisitos, con nuestros abogados de inmigraci\u00f3n con experiencia brindando apoyo experto para navegar con \u00e9xito este paso vital hacia una residencia duradera.<\/span><\/p>\n\n\t\t<\/div>\n\t<\/div>\n            <\/div>\r\n        <\/div>\r\n    <\/div>\r\n    <div class=\"wpb_column vc_column_container vc_col-sm-6\">\r\n        <div class=\"vc_column-inner\">\r\n            <div class=\"wpb_wrapper\">\r\n                \n\t<div  class=\"wpb_single_image wpb_content_element vc_align_left  vc_custom_1698355093022\">\n\t\t\n\t\t<figure class=\"wpb_wrapper vc_figure\">\n\t\t\t<div class=\"vc_single_image-wrapper vc_box_shadow  vc_box_border_grey\"><img loading=\"lazy\" decoding=\"async\" class=\"vc_single_image-img\" src=\"https:\/\/nawlaw.com\/wp-content\/uploads\/2023\/10\/Untitled-design-66.png\" width=\"605\" height=\"403\" alt=\"Untitled design (66)\" title=\"Untitled design (66)\" \/><\/div>\n\t\t<\/figure>\n\t<\/div>\n            <\/div>\r\n        <\/div>\r\n    <\/div>\r\n<\/div><div class=\"vc_row wpb_row vc_inner vc_row-fluid gt3_vc_row_modified\">    <div class=\"wpb_column vc_column_container vc_col-sm-6\">\r\n        <div class=\"vc_column-inner\">\r\n            <div class=\"wpb_wrapper\">\r\n                \n\t<div  class=\"wpb_single_image wpb_content_element vc_align_left  vc_custom_1698355165558\">\n\t\t\n\t\t<figure class=\"wpb_wrapper vc_figure\">\n\t\t\t<div class=\"vc_single_image-wrapper vc_box_shadow  vc_box_border_grey\"><img loading=\"lazy\" decoding=\"async\" class=\"vc_single_image-img\" src=\"https:\/\/nawlaw.com\/wp-content\/uploads\/2023\/10\/Untitled-design-67.png\" width=\"605\" height=\"403\" alt=\"Untitled design (67)\" title=\"Untitled design (67)\" \/><\/div>\n\t\t<\/figure>\n\t<\/div>\n            <\/div>\r\n        <\/div>\r\n    <\/div>\r\n    <div class=\"wpb_column vc_column_container vc_col-sm-6\">\r\n        <div class=\"vc_column-inner\">\r\n            <div class=\"wpb_wrapper\">\r\n                \n\t<div class=\"wpb_text_column wpb_content_element\" >\n\t\t<div class=\"wpb_wrapper\">\n\t\t\t<div class=\"wpb_text_column wpb_content_element\">\n<div class=\"wpb_wrapper\">\n<h2><span style=\"color: #014700;\">Residencia Condicional\u00a0<\/span><\/h2>\n<p><span style=\"color: #014700;\">La residencia condicional es la etapa inicial para obtener la residencia permanente en los Estados Unidos, a menudo a trav\u00e9s del matrimonio o inversiones empresariales, y ayudamos a los clientes a cumplir con requisitos espec\u00edficos y comprender las responsabilidades, brindando orientaci\u00f3n experta para navegar las complejidades de su viaje hacia la obtenci\u00f3n de la residencia permanente incondicional en los Estados Unidos. .<\/span><\/p>\n<\/div>\n<\/div>\n<div class=\"gt3_spacing\"><\/div>\n\n\t\t<\/div>\n\t<\/div>\n            <\/div>\r\n        <\/div>\r\n    <\/div>\r\n<\/div>        <\/div>\r\n    <\/div>\r\n<\/div>\r\n<\/div><\/div><!-- .container --><\/div><div class=\"vc_row-full-width vc_clearfix\"><\/div><div class=\"\"><div class=\"container\"><div class=\"vc_row wpb_row vc_row-fluid gt3_vc_row_modified\"><div class=\"wpb_column vc_column_container vc_col-sm-12\">\r\n    <div class=\"vc_column-inner\">\r\n        <div class=\"wpb_wrapper\">\r\n                <div class=\"gt3_spacing\">\r\n        <div class=\"gt3_spacing-height gt3_spacing-height_default\" style=\"height: 60px;\"><\/div>\r\n            <\/div>\r\n            <\/div>\r\n    <\/div>\r\n<\/div>\r\n<\/div><\/div><!-- .container --><\/div>\n<\/section>","protected":false},"excerpt":{"rendered":"At Naw Law, we prioritize family unity, offering expert guidance on family immigration to help loved ones reunite in the United States. Our dedicated Family Immigration Services page provides information on processes such as family-sponsored green cards and fianc\u00e9 visas, ensuring families can navigate legal procedures with clarity and confidence. Legal Services We Offer Marriage [...]","protected":false},"author":1,"featured_media":0,"parent":0,"menu_order":0,"comment_status":"closed","ping_status":"closed","template":"","meta":{"_monsterinsights_skip_tracking":false,"_monsterinsights_sitenote_active":false,"_monsterinsights_sitenote_note":"","_monsterinsights_sitenote_category":0,"footnotes":""},"class_list":["post-3845","page","type-page","status-publish","hentry"],"acf":[],"_links":{"self":[{"href":"https:\/\/nawlaw.com\/es\/wp-json\/wp\/v2\/pages\/3845","targetHints":{"allow":["GET"]}}],"collection":[{"href":"https:\/\/nawlaw.com\/es\/wp-json\/wp\/v2\/pages"}],"about":[{"href":"https:\/\/nawlaw.com\/es\/wp-json\/wp\/v2\/types\/page"}],"author":[{"embeddable":true,"href":"https:\/\/nawlaw.com\/es\/wp-json\/wp\/v2\/users\/1"}],"replies":[{"embeddable":true,"href":"https:\/\/nawlaw.com\/es\/wp-json\/wp\/v2\/comments?post=3845"}],"version-history":[{"count":42,"href":"https:\/\/nawlaw.com\/es\/wp-json\/wp\/v2\/pages\/3845\/revisions"}],"predecessor-version":[{"id":4991,"href":"https:\/\/nawlaw.com\/es\/wp-json\/wp\/v2\/pages\/3845\/revisions\/4991"}],"wp:attachment":[{"href":"https:\/\/nawlaw.com\/es\/wp-json\/wp\/v2\/media?parent=3845"}],"curies":[{"name":"wp","href":"https:\/\/api.w.org\/{rel}","templated":true}]}}