{"id":4109,"date":"2023-12-04T19:33:23","date_gmt":"2023-12-04T19:33:23","guid":{"rendered":"https:\/\/nawlaw.com\/?page_id=4109"},"modified":"2024-10-02T20:30:26","modified_gmt":"2024-10-02T20:30:26","slug":"neil","status":"publish","type":"page","link":"https:\/\/nawlaw.com\/es\/neil\/","title":{"rendered":"Neil A. Weinrib"},"content":{"rendered":"<section class=\"wpb-content-wrapper\"><div class=\"\"><div class=\"container\"><div class=\"vc_row wpb_row vc_row-fluid gt3_vc_row_modified\"><div class=\"wpb_column vc_column_container vc_col-sm-6 vc_col-md-4\">\r\n    <div class=\"vc_column-inner\">\r\n        <div class=\"wpb_wrapper\">\r\n            \n\t<div  class=\"wpb_single_image wpb_content_element vc_align_left\">\n\t\t\n\t\t<figure class=\"wpb_wrapper vc_figure\">\n\t\t\t<div class=\"vc_single_image-wrapper   vc_box_border_grey\"><img loading=\"lazy\" decoding=\"async\" width=\"1080\" height=\"1080\" src=\"https:\/\/nawlaw.com\/wp-content\/uploads\/2023\/12\/Black-and-White-Pattern-Photo-Profile-Instagram-Post-1.png\" class=\"vc_single_image-img attachment-full\" alt=\"\" title=\"Black and White Pattern Photo Profile Instagram Post (1)\" srcset=\"https:\/\/nawlaw.com\/wp-content\/uploads\/2023\/12\/Black-and-White-Pattern-Photo-Profile-Instagram-Post-1.png 1080w, https:\/\/nawlaw.com\/wp-content\/uploads\/2023\/12\/Black-and-White-Pattern-Photo-Profile-Instagram-Post-1-300x300.png 300w, https:\/\/nawlaw.com\/wp-content\/uploads\/2023\/12\/Black-and-White-Pattern-Photo-Profile-Instagram-Post-1-1024x1024.png 1024w, https:\/\/nawlaw.com\/wp-content\/uploads\/2023\/12\/Black-and-White-Pattern-Photo-Profile-Instagram-Post-1-150x150.png 150w, https:\/\/nawlaw.com\/wp-content\/uploads\/2023\/12\/Black-and-White-Pattern-Photo-Profile-Instagram-Post-1-768x768.png 768w, https:\/\/nawlaw.com\/wp-content\/uploads\/2023\/12\/Black-and-White-Pattern-Photo-Profile-Instagram-Post-1-120x120.png 120w, https:\/\/nawlaw.com\/wp-content\/uploads\/2023\/12\/Black-and-White-Pattern-Photo-Profile-Instagram-Post-1-12x12.png 12w\" sizes=\"auto, (max-width: 1080px) 100vw, 1080px\" \/><\/div>\n\t\t<\/figure>\n\t<\/div>\n        <\/div>\r\n    <\/div>\r\n<\/div>\r\n<div class=\"wpb_column vc_column_container vc_col-sm-6 vc_col-md-8\">\r\n    <div class=\"vc_column-inner\">\r\n        <div class=\"wpb_wrapper\">\r\n            <div data-color=\"#ffffff\" class=\"gt3_custom_text  vc_custom_1702945409149 gt3_line-break-default gt3_font-size-inherit gt3_line-height-inherit gt3_color-inherit gt3_separator-disable gt3_full_width-active\" style=\"font-size: 30px;line-height: 165%; color: #272b2e; \"><h2 style=\"text-align: center;\"><span style=\"color: #014700;\">\u00a0Sobre el fundador<\/span><\/h2>\n<\/div><div data-color=\"#ffffff\" class=\"gt3_custom_text  vc_custom_1702945903748 gt3_line-break-default gt3_font-size-inherit gt3_line-height-inherit gt3_color-inherit gt3_separator-disable gt3_full_width-active\" style=\"font-size: 18px;line-height: 165%; color: #014700; \"><p style=\"text-align: left;\">Neil A. Weinrib, with over 40 years of experience in immigration law across the United States and consular practices abroad, founded NawLaw in 1981 as a solo practice, which has since expanded into a thriving firm with a dedicated team of experienced attorneys and paralegals. The firm handles a wide spectrum of U.S. immigration law, successfully processing various cases, including nonimmigrant visas, U visa for crime victims, political asylum, immigrant visa (green card) applications, and petitions for relatives, confronting the challenges posed by the evolving landscape of immigration law.<\/p>\n<p>&nbsp;<\/p>\n<p style=\"text-align: left;\">In addition to its impactful immigration work, NawLaw has achieved notable successes, gaining recognition in the NY Law Journal, the New York Times, and securing a favorable decision from the U.S. Supreme Court in Vartelas v. Holder (2012). Neil A. Weinrib has extensively contributed to the field through lectures on U.S. immigration, covering topics such as the EB-5 investment green card program for organizations like SCORE NY, community groups, and educational institutions. He has recorded podcasts for Fordham Law School, lectured to human resources executives at various companies, and served as a moot court judge for institutions like Cardozo Law School and NYU School of Law.<\/p>\n<p>&nbsp;<\/p>\n<p style=\"text-align: left;\">Furthermore, Neil&#8217;s expertise has been acknowledged in various media outlets, including national radio and webinars, and he has been quoted in the New York Law Journal and The Media Line, a Middle Eastern news publication. Neil&#8217;s commitment to education is evident through continuing legal education seminars and lectures conducted for organizations such as Lawlines, as well as engagements with prestigious entities like the French Embassy in Washington, D.C., and prominent accounting firms like Eisner Amper and Baker Tilly.<\/p>\n<\/div>        <\/div>\r\n    <\/div>\r\n<\/div>\r\n<\/div><\/div><!-- .container --><\/div><div data-vc-full-width=\"true\" data-vc-full-width-init=\"false\" class=\"vc_custom_1701720328969\"><div class=\"container\"><div class=\"vc_row wpb_row vc_row-fluid gt3_vc_row_modified vc_row-has-fill vc_row-o-content-bottom vc_row-flex\"><div class=\"wpb_column vc_column_container vc_col-sm-12\">\r\n    <div class=\"vc_column-inner\">\r\n        <div class=\"wpb_wrapper\">\r\n            <div data-color=\"#ffffff\" class=\"gt3_custom_text  gt3_line-break-default gt3_font-size-inherit gt3_line-height-inherit gt3_color-inherit gt3_separator-disable gt3_full_width-active\" style=\"font-size: 35px;line-height: 165%; color: #ffffff; \"><h1>NawLaw es la voz de los migrantes<\/h1>\n<\/div><div data-color=\"#ffffff\" class=\"gt3_custom_text  vc_custom_1727901005242 gt3_line-break-default gt3_font-size-inherit gt3_line-height-inherit gt3_color-inherit gt3_separator-disable gt3_full_width-active\" style=\"font-size: 20px;line-height: 165%; color: #ffffff; \"><p>We know where to find the answers, and what steps are necessary for your success. We are fierce advocates for migrants and U.S. companies seeking the assistance of foreign nationals. At NawLaw we have extensive resources with a team of smart and experienced attorneys and legal assistants\u00a0 We provide customized immigration solutions to a broad variety of U.S. Immigration issues and challenges. We are client focused &amp; every client is critical to us!<\/p>\n<\/div>        <\/div>\r\n    <\/div>\r\n<\/div>\r\n<\/div><\/div><!-- .container --><\/div><div class=\"vc_row-full-width vc_clearfix\"><\/div><div class=\"\"><div class=\"container\"><div class=\"vc_row wpb_row vc_row-fluid gt3_vc_row_modified\"><div class=\"wpb_column vc_column_container vc_col-sm-12\">\r\n    <div class=\"vc_column-inner\">\r\n        <div class=\"wpb_wrapper\">\r\n            <div data-color=\"#ffffff\" class=\"gt3_custom_text  vc_custom_1727272360137 gt3_line-break-default gt3_font-size-inherit gt3_line-height-inherit gt3_color-inherit gt3_separator-disable gt3_full_width-active\" style=\"font-size: 30px;line-height: 165%; color: #272b2e; \"><h1 style=\"text-align: center;\">Client Testimonials<\/h1>\n<\/div><div class=\"vc_row\">\r\n    <div class=\"vc_col-sm-12 module_testimonial  active-carousel text_align-center author_align-center pagination_position-center type6\"\r\n         data-slides-per-line=\"1\" data-slider-fade=\"\"\r\n         data-autoplay-time=\"4000\"\r\n         data-image-width=\"80\">\r\n\r\n        <span class=\"testimonials-photo-wrapper\" style=\"\"><\/span>\r\n\r\n        <div class=\"module_content testimonials_list items1\">\r\n            <div class=\"testimonials_rotator\"><div class=\"testimonials_item\">\r\n            <div class=\"testimonial_item_wrapper\">\r\n                <div class=\"testimonials_content\" style=\"\"><div class=\"testimonials-text\" style=\" font-size: 18px; line-height: 150%;\"><span>Estoy profundamente agradecido por el servicio excepcional brindado por este equipo legal. Su ayuda para conseguir la tarjeta verde de mi padre en menos de cuatro meses fue notable. Adem\u00e1s, su invaluable ayuda con el proceso de pasaporte estadounidense de mi hija fue m\u00e1s que encomiable. El compromiso, la dedicaci\u00f3n y el trabajo en equipo de este equipo son incomparables. La atm\u00f3sfera amistosa y comprensiva que cultivan marc\u00f3 una diferencia significativa. Gracias por desempe\u00f1ar un papel fundamental en el logro de un hito importante para nuestra familia: \u00a1la residencia de mi padre y la ciudadan\u00eda de mi hija en los EE. UU.!<\/span><\/div><div class=\"testimonials_title\" style=\"font-size: 18px;line-height: 140%\">Daria L.<\/div>\t\t<\/div>\r\n            <\/div>\r\n        <\/div><div class=\"testimonials_item\">\r\n            <div class=\"testimonial_item_wrapper\">\r\n                <div class=\"testimonials_content\" style=\"\"><div class=\"testimonials-text\" style=\" font-size: 18px; line-height: 150%;\"><span>\u00a1Neil Weinrib y su equipo son LOS MEJORES! Trabajan con el m\u00e1s alto nivel de profesionalismo y me sent\u00ed incre\u00edblemente apoyado, visto y escuchado de principio a fin. En un caso complejo que comenz\u00f3 en una \u00e9poca muy compleja en la Tierra durante la pandemia donde todo necesitaba ajustes, siempre estuvieron al tanto de todo. Todos fueron receptivos en todo momento, r\u00e1pidos, competentes, confiables y muy atentos al proceso. Neil, Konstantine y todos los que trabajaron en el caso a lo largo del tiempo hicieron todo lo posible para conseguirme la tarjeta de residencia y no podr\u00eda estar m\u00e1s feliz. S\u00f3lo puedo recomendar a Neil Weinrib &amp; Associates con total convicci\u00f3n.<\/span><\/div><div class=\"testimonials_title\" style=\"font-size: 18px;line-height: 140%\">Tina G.<\/div>\t\t<\/div>\r\n            <\/div>\r\n        <\/div><div class=\"testimonials_item\">\r\n            <div class=\"testimonial_item_wrapper\">\r\n                <div class=\"testimonials_content\" style=\"\"><div class=\"testimonials-text\" style=\" font-size: 18px; line-height: 150%;\"><span>\u00a1Neil y todo su equipo son mis h\u00e9roes! Todo el proceso fue fluido, claro y r\u00e1pido. Tuve muchos problemas con abogados anteriores y con inmigraci\u00f3n, y desde mi primera reuni\u00f3n con Neil me sent\u00ed muy seguro de que ten\u00edan mi caso bajo control, \u00a1y as\u00ed fue! Solicitamos mi Tarjeta Verde en octubre y a principios de diciembre la ten\u00eda en mis manos, no necesitaba entrevista. \u00a1Nunca tendr\u00e9 suficientes palabras para expresar lo mucho que esto significa para m\u00ed!<\/span><\/div><div class=\"testimonials_title\" style=\"font-size: 18px;line-height: 140%\">Jovani F.<\/div>\t\t<\/div>\r\n            <\/div>\r\n        <\/div><div class=\"testimonials_item\">\r\n            <div class=\"testimonial_item_wrapper\">\r\n                <div class=\"testimonials_content\" style=\"\"><div class=\"testimonials-text\" style=\" font-size: 18px; line-height: 150%;\"><span>Sinceramente, probablemente fue el mejor servicio que pude haber pedido. El Sr. Weinrib y su equipo fueron muy amables y pacientes al ayudarme con mi visa E-2. Finalmente pude conseguirlo, el proceso fue muy sencillo y el Sr. Weinrib y su equipo pudieron encargarse de todo. Realmente me gustar\u00eda agradecer especialmente a Agnes, que trabaja para Neil, ella se mantuvo constantemente en contacto y respondi\u00f3 casi de inmediato. Si tiene alguna necesidad de inmigraci\u00f3n, le aseguro que Neil y su equipo son lo mejor que Estados Unidos tiene para ofrecer.<\/span><\/div><div class=\"testimonials_title\" style=\"font-size: 18px;line-height: 140%\">Yash J.<\/div>\t\t<\/div>\r\n            <\/div>\r\n        <\/div><div class=\"testimonials_item\">\r\n            <div class=\"testimonial_item_wrapper\">\r\n                <div class=\"testimonials_content\" style=\"\"><div class=\"testimonials-text\" style=\" font-size: 18px; line-height: 150%;\"><span>Durante seis a\u00f1os, Neil y su equipo me ayudaron exitosamente a obtener dos visas de trabajo diferentes y una Tarjeta Verde. Neil me ayud\u00f3 a navegar por el sistema de inmigraci\u00f3n de los EE. UU. con conocimientos, experiencia, conocimiento, amabilidad y profesionalismo en cada paso del camino. Si bien la mayor\u00eda de las personas se sienten aliviadas cuando su viaje de inmigraci\u00f3n llega a su fin, puedo decir honestamente que extra\u00f1ar\u00e9 el entusiasmo contagioso de Neil. \u00a1Gracias Neil y todo tu personal!<\/span><\/div><div class=\"testimonials_title\" style=\"font-size: 18px;line-height: 140%\">Henri N.<\/div>\t\t<\/div>\r\n            <\/div>\r\n        <\/div><\/div><div class=\"clear\"><\/div>        <\/div>\r\n    <\/div>\r\n<\/div>        <\/div>\r\n    <\/div>\r\n<\/div>\r\n<\/div><\/div><!-- .container --><\/div>\n<\/section>","protected":false},"excerpt":{"rendered":"\u00a0About The Founder Neil A. Weinrib, with over 40 years of experience in immigration law across the United States and consular practices abroad, founded NawLaw in 1981 as a solo practice, which has since expanded into a thriving firm with a dedicated team of experienced attorneys and paralegals. The firm handles a wide spectrum of [...]","protected":false},"author":1,"featured_media":0,"parent":0,"menu_order":0,"comment_status":"closed","ping_status":"closed","template":"","meta":{"_monsterinsights_skip_tracking":false,"_monsterinsights_sitenote_active":false,"_monsterinsights_sitenote_note":"","_monsterinsights_sitenote_category":0,"footnotes":""},"class_list":["post-4109","page","type-page","status-publish","hentry"],"acf":[],"_links":{"self":[{"href":"https:\/\/nawlaw.com\/es\/wp-json\/wp\/v2\/pages\/4109","targetHints":{"allow":["GET"]}}],"collection":[{"href":"https:\/\/nawlaw.com\/es\/wp-json\/wp\/v2\/pages"}],"about":[{"href":"https:\/\/nawlaw.com\/es\/wp-json\/wp\/v2\/types\/page"}],"author":[{"embeddable":true,"href":"https:\/\/nawlaw.com\/es\/wp-json\/wp\/v2\/users\/1"}],"replies":[{"embeddable":true,"href":"https:\/\/nawlaw.com\/es\/wp-json\/wp\/v2\/comments?post=4109"}],"version-history":[{"count":50,"href":"https:\/\/nawlaw.com\/es\/wp-json\/wp\/v2\/pages\/4109\/revisions"}],"predecessor-version":[{"id":4893,"href":"https:\/\/nawlaw.com\/es\/wp-json\/wp\/v2\/pages\/4109\/revisions\/4893"}],"wp:attachment":[{"href":"https:\/\/nawlaw.com\/es\/wp-json\/wp\/v2\/media?parent=4109"}],"curies":[{"name":"wp","href":"https:\/\/api.w.org\/{rel}","templated":true}]}}