{"id":4589,"date":"2024-04-29T01:03:10","date_gmt":"2024-04-29T01:03:10","guid":{"rendered":"https:\/\/nawlaw.com\/?page_id=4589"},"modified":"2025-06-23T20:23:16","modified_gmt":"2025-06-23T20:23:16","slug":"marriage-based-adjustment","status":"publish","type":"page","link":"https:\/\/nawlaw.com\/es\/marriage-based-adjustment\/","title":{"rendered":"Marriage-Based Adjustment"},"content":{"rendered":"<section class=\"wpb-content-wrapper\"><div data-vc-full-width=\"true\" data-vc-full-width-init=\"false\" class=\"vc_custom_1714353604053\"><div class=\"container\"><div class=\"vc_row wpb_row vc_row-fluid  legal-services-content gt3_vc_row_modified\"><div class=\"wpb_column vc_column_container vc_col-sm-12\">\r\n    <div class=\"vc_column-inner\">\r\n        <div class=\"wpb_wrapper\">\r\n            <div class=\"vc_row wpb_row vc_inner vc_row-fluid gt3_vc_row_modified\">    <div class=\"wpb_column vc_column_container vc_col-sm-6\">\r\n        <div class=\"vc_column-inner\">\r\n            <div class=\"wpb_wrapper\">\r\n                \n\t<div class=\"wpb_text_column wpb_content_element\" >\n\t\t<div class=\"wpb_wrapper\">\n\t\t\t<h2><span style=\"color: #014700;\">Ajuste basado en el matrimonio\u00a0<\/span><\/h2>\n<p><span style=\"color: #014700;\">Los ajustes basados en el matrimonio son una piedra angular de la inmigraci\u00f3n familiar, ya que permiten a las parejas construir una vida juntos. Nos especializamos en ayudar a parejas que buscan ajustar su estatus migratorio despu\u00e9s del matrimonio. Nuestros experimentados abogados de inmigraci\u00f3n brindan orientaci\u00f3n experta y apoyo legal para garantizar una transici\u00f3n sin problemas de una visa de prometido o c\u00f3nyuge a una residencia permanente legal. Nos dedicamos a ayudar a las parejas a comprender y navegar estos procedimientos con claridad y confianza mientras se embarcan en su viaje para construir una vida juntos.<\/span><\/p>\n\n\t\t<\/div>\n\t<\/div>\n            <\/div>\r\n        <\/div>\r\n    <\/div>\r\n    <div class=\"wpb_column vc_column_container vc_col-sm-6\">\r\n        <div class=\"vc_column-inner\">\r\n            <div class=\"wpb_wrapper\">\r\n                \n\t<div  class=\"wpb_single_image wpb_content_element vc_align_left  vc_custom_1714352854067\">\n\t\t\n\t\t<figure class=\"wpb_wrapper vc_figure\">\n\t\t\t<div class=\"vc_single_image-wrapper vc_box_shadow  vc_box_border_grey\"><img loading=\"lazy\" decoding=\"async\" class=\"vc_single_image-img\" src=\"https:\/\/nawlaw.com\/wp-content\/uploads\/2023\/10\/Untitled-design-63.png\" width=\"605\" height=\"403\" alt=\"Untitled design (63)\" title=\"Untitled design (63)\" \/><\/div>\n\t\t<\/figure>\n\t<\/div>\n            <\/div>\r\n        <\/div>\r\n    <\/div>\r\n<\/div>        <\/div>\r\n    <\/div>\r\n<\/div>\r\n<\/div><\/div><!-- .container --><\/div><div class=\"vc_row-full-width vc_clearfix\"><\/div><div class=\"\"><div class=\"container\"><div class=\"vc_row wpb_row vc_row-fluid gt3_vc_row_modified\"><div class=\"wpb_column vc_column_container vc_col-sm-12\">\r\n    <div class=\"vc_column-inner\">\r\n        <div class=\"wpb_wrapper\">\r\n                <div class=\"gt3_spacing\">\r\n        <div class=\"gt3_spacing-height gt3_spacing-height_default\" style=\"height: 60px;\"><\/div>\r\n            <\/div>\r\n            <\/div>\r\n    <\/div>\r\n<\/div>\r\n<\/div><\/div><!-- .container --><\/div>\n<\/section>","protected":false},"excerpt":{"rendered":"Marriage based Adjustment\u00a0 Marriage-based adjustments are a cornerstone of family immigration, allowing couples to build a life together. we specialize in assisting couples who seek to adjust their immigration status after marriage. Our experienced immigration attorneys provide expert guidance and legal support to ensure the smooth transition from a fianc\u00e9 or spouse visa to lawful [...]","protected":false},"author":1,"featured_media":0,"parent":0,"menu_order":0,"comment_status":"closed","ping_status":"closed","template":"","meta":{"_monsterinsights_skip_tracking":false,"_monsterinsights_sitenote_active":false,"_monsterinsights_sitenote_note":"","_monsterinsights_sitenote_category":0,"footnotes":""},"class_list":["post-4589","page","type-page","status-publish","hentry"],"acf":[],"_links":{"self":[{"href":"https:\/\/nawlaw.com\/es\/wp-json\/wp\/v2\/pages\/4589","targetHints":{"allow":["GET"]}}],"collection":[{"href":"https:\/\/nawlaw.com\/es\/wp-json\/wp\/v2\/pages"}],"about":[{"href":"https:\/\/nawlaw.com\/es\/wp-json\/wp\/v2\/types\/page"}],"author":[{"embeddable":true,"href":"https:\/\/nawlaw.com\/es\/wp-json\/wp\/v2\/users\/1"}],"replies":[{"embeddable":true,"href":"https:\/\/nawlaw.com\/es\/wp-json\/wp\/v2\/comments?post=4589"}],"version-history":[{"count":11,"href":"https:\/\/nawlaw.com\/es\/wp-json\/wp\/v2\/pages\/4589\/revisions"}],"predecessor-version":[{"id":4996,"href":"https:\/\/nawlaw.com\/es\/wp-json\/wp\/v2\/pages\/4589\/revisions\/4996"}],"wp:attachment":[{"href":"https:\/\/nawlaw.com\/es\/wp-json\/wp\/v2\/media?parent=4589"}],"curies":[{"name":"wp","href":"https:\/\/api.w.org\/{rel}","templated":true}]}}