{"id":4602,"date":"2024-04-29T02:40:28","date_gmt":"2024-04-29T02:40:28","guid":{"rendered":"https:\/\/nawlaw.com\/?page_id=4602"},"modified":"2025-06-23T20:23:58","modified_gmt":"2025-06-23T20:23:58","slug":"family-sponsorship","status":"publish","type":"page","link":"https:\/\/nawlaw.com\/es\/family-sponsorship\/","title":{"rendered":"El patrocinio de la familia"},"content":{"rendered":"<section class=\"wpb-content-wrapper\"><div data-vc-full-width=\"true\" data-vc-full-width-init=\"false\" class=\"\"><div class=\"container\"><div class=\"vc_row wpb_row vc_row-fluid  legal-services-content gt3_vc_row_modified\"><div class=\"wpb_column vc_column_container vc_col-sm-12\">\r\n    <div class=\"vc_column-inner\">\r\n        <div class=\"wpb_wrapper\">\r\n            <div class=\"vc_row wpb_row vc_inner vc_row-fluid gt3_vc_row_modified\">    <div class=\"wpb_column vc_column_container vc_col-sm-6\">\r\n        <div class=\"vc_column-inner\">\r\n            <div class=\"wpb_wrapper\">\r\n                \n\t<div class=\"wpb_text_column wpb_content_element\" >\n\t\t<div class=\"wpb_wrapper\">\n\t\t\t<div class=\"wpb_text_column wpb_content_element\">\n<div class=\"wpb_wrapper\">\n<h2><span style=\"color: #014700;\">El patrocinio de la familia\u00a0<\/span><\/h2>\n<p><span style=\"color: #014700;\">El patrocinio familiar, una piedra angular de la ley de inmigraci\u00f3n de los Estados Unidos, permite a los ciudadanos y residentes permanentes reunirse con sus seres queridos en los Estados Unidos, y nuestro experimentado equipo legal gu\u00eda a las familias a trav\u00e9s de las complejidades, brind\u00e1ndoles apoyo experto para empoderarlos a dar pasos seguros hacia la construcci\u00f3n y el fortalecimiento de sus vidas. juntos en los Estados Unidos.<\/span><\/p>\n<\/div>\n<\/div>\n<div class=\"gt3_spacing\"><\/div>\n\n\t\t<\/div>\n\t<\/div>\n            <\/div>\r\n        <\/div>\r\n    <\/div>\r\n    <div class=\"wpb_column vc_column_container vc_col-sm-6\">\r\n        <div class=\"vc_column-inner\">\r\n            <div class=\"wpb_wrapper\">\r\n                \n\t<div  class=\"wpb_single_image wpb_content_element vc_align_left  vc_custom_1714358375593\">\n\t\t\n\t\t<figure class=\"wpb_wrapper vc_figure\">\n\t\t\t<div class=\"vc_single_image-wrapper vc_box_shadow  vc_box_border_grey\"><img loading=\"lazy\" decoding=\"async\" class=\"vc_single_image-img\" src=\"https:\/\/nawlaw.com\/wp-content\/uploads\/2023\/10\/Untitled-design-65.png\" width=\"605\" height=\"403\" alt=\"Untitled design (65)\" title=\"Untitled design (65)\" \/><\/div>\n\t\t<\/figure>\n\t<\/div>\n            <\/div>\r\n        <\/div>\r\n    <\/div>\r\n<\/div>        <\/div>\r\n    <\/div>\r\n<\/div>\r\n<\/div><\/div><!-- .container --><\/div><div class=\"vc_row-full-width vc_clearfix\"><\/div><div class=\"\"><div class=\"container\"><div class=\"vc_row wpb_row vc_row-fluid gt3_vc_row_modified\"><div class=\"wpb_column vc_column_container vc_col-sm-12\">\r\n    <div class=\"vc_column-inner\">\r\n        <div class=\"wpb_wrapper\">\r\n                <div class=\"gt3_spacing\">\r\n        <div class=\"gt3_spacing-height gt3_spacing-height_default\" style=\"height: 60px;\"><\/div>\r\n            <\/div>\r\n            <\/div>\r\n    <\/div>\r\n<\/div>\r\n<\/div><\/div><!-- .container --><\/div>\n<\/section>","protected":false},"excerpt":{"rendered":"Family Sponsorship\u00a0 Family sponsorship, a cornerstone of U.S. immigration law, enables citizens and permanent residents to reunite with loved ones in the United States, and our experienced legal team guides families through the complexities, providing expert support to empower confident steps toward building and strengthening their lives together in the U.S.","protected":false},"author":1,"featured_media":0,"parent":0,"menu_order":0,"comment_status":"closed","ping_status":"closed","template":"","meta":{"_monsterinsights_skip_tracking":false,"_monsterinsights_sitenote_active":false,"_monsterinsights_sitenote_note":"","_monsterinsights_sitenote_category":0,"footnotes":""},"class_list":["post-4602","page","type-page","status-publish","hentry"],"acf":[],"_links":{"self":[{"href":"https:\/\/nawlaw.com\/es\/wp-json\/wp\/v2\/pages\/4602","targetHints":{"allow":["GET"]}}],"collection":[{"href":"https:\/\/nawlaw.com\/es\/wp-json\/wp\/v2\/pages"}],"about":[{"href":"https:\/\/nawlaw.com\/es\/wp-json\/wp\/v2\/types\/page"}],"author":[{"embeddable":true,"href":"https:\/\/nawlaw.com\/es\/wp-json\/wp\/v2\/users\/1"}],"replies":[{"embeddable":true,"href":"https:\/\/nawlaw.com\/es\/wp-json\/wp\/v2\/comments?post=4602"}],"version-history":[{"count":3,"href":"https:\/\/nawlaw.com\/es\/wp-json\/wp\/v2\/pages\/4602\/revisions"}],"predecessor-version":[{"id":4997,"href":"https:\/\/nawlaw.com\/es\/wp-json\/wp\/v2\/pages\/4602\/revisions\/4997"}],"wp:attachment":[{"href":"https:\/\/nawlaw.com\/es\/wp-json\/wp\/v2\/media?parent=4602"}],"curies":[{"name":"wp","href":"https:\/\/api.w.org\/{rel}","templated":true}]}}