{"id":4623,"date":"2024-04-29T20:17:42","date_gmt":"2024-04-29T20:17:42","guid":{"rendered":"https:\/\/nawlaw.com\/?page_id=4623"},"modified":"2025-06-23T20:30:36","modified_gmt":"2025-06-23T20:30:36","slug":"j-1visa","status":"publish","type":"page","link":"https:\/\/nawlaw.com\/es\/j-1visa\/","title":{"rendered":"J-1Visa"},"content":{"rendered":"<section class=\"wpb-content-wrapper\"><div data-vc-full-width=\"true\" data-vc-full-width-init=\"false\" class=\"\"><div class=\"container\"><div class=\"vc_row wpb_row vc_row-fluid  business-immigration-content gt3_vc_row_modified\"><div class=\"wpb_column vc_column_container vc_col-sm-12\">\r\n    <div class=\"vc_column-inner\">\r\n        <div class=\"wpb_wrapper\">\r\n            <div class=\"vc_row wpb_row vc_inner vc_row-fluid gt3_vc_row_modified\">    <div class=\"wpb_column vc_column_container vc_col-sm-6\">\r\n        <div class=\"vc_column-inner\">\r\n            <div class=\"wpb_wrapper\">\r\n                \n\t<div class=\"wpb_text_column wpb_content_element\" >\n\t\t<div class=\"wpb_wrapper\">\n\t\t\t<div class=\"wpb_text_column wpb_content_element\">\n<div class=\"wpb_wrapper\">\n<h2><span style=\"color: #014700;\">J-1Visa<\/span><\/h2>\n<p><span style=\"color: #014700;\">Visas de visitante de intercambio, guiamos tanto a empleadores estadounidenses como a ciudadanos extranjeros en la obtenci\u00f3n de pasant\u00edas para vivir y trabajar en los Estados Unidos. Tambi\u00e9n manejamos exenciones J-1 para aquellos sujetos al requisito de residencia en el extranjero de 2 a\u00f1os.\u00a0<\/span><\/p>\n<\/div>\n<\/div>\n\n\t\t<\/div>\n\t<\/div>\n            <\/div>\r\n        <\/div>\r\n    <\/div>\r\n    <div class=\"wpb_column vc_column_container vc_col-sm-6\">\r\n        <div class=\"vc_column-inner\">\r\n            <div class=\"wpb_wrapper\">\r\n                \n\t<div  class=\"wpb_single_image wpb_content_element vc_align_left  vc_custom_1714421857412\">\n\t\t\n\t\t<figure class=\"wpb_wrapper vc_figure\">\n\t\t\t<div class=\"vc_single_image-wrapper vc_box_shadow  vc_box_border_grey\"><img loading=\"lazy\" decoding=\"async\" class=\"vc_single_image-img\" src=\"https:\/\/nawlaw.com\/wp-content\/uploads\/2023\/10\/Untitled-design-60.png\" width=\"605\" height=\"403\" alt=\"Untitled design (60)\" title=\"Untitled design (60)\" \/><\/div>\n\t\t<\/figure>\n\t<\/div>\n            <\/div>\r\n        <\/div>\r\n    <\/div>\r\n<\/div>        <\/div>\r\n    <\/div>\r\n<\/div>\r\n<\/div><\/div><!-- .container --><\/div><div class=\"vc_row-full-width vc_clearfix\"><\/div><div class=\"\"><div class=\"container\"><div class=\"vc_row wpb_row vc_row-fluid gt3_vc_row_modified\"><div class=\"wpb_column vc_column_container vc_col-sm-12\">\r\n    <div class=\"vc_column-inner\">\r\n        <div class=\"wpb_wrapper\">\r\n                <div class=\"gt3_spacing\">\r\n        <div class=\"gt3_spacing-height gt3_spacing-height_default\" style=\"height: 60px;\"><\/div>\r\n            <\/div>\r\n            <\/div>\r\n    <\/div>\r\n<\/div>\r\n<\/div><\/div><!-- .container --><\/div>\n<\/section>","protected":false},"excerpt":{"rendered":"J-1Visa Exchange Visitor Visas, we guide both U.S. employers and foreign nationals in obtaining internships to live and work in the U.S. We also handle J-1 Waivers for those subject to the 2 year foreign residence requirement.\u00a0","protected":false},"author":1,"featured_media":0,"parent":0,"menu_order":0,"comment_status":"closed","ping_status":"closed","template":"","meta":{"_monsterinsights_skip_tracking":false,"_monsterinsights_sitenote_active":false,"_monsterinsights_sitenote_note":"","_monsterinsights_sitenote_category":0,"footnotes":""},"class_list":["post-4623","page","type-page","status-publish","hentry"],"acf":[],"_links":{"self":[{"href":"https:\/\/nawlaw.com\/es\/wp-json\/wp\/v2\/pages\/4623","targetHints":{"allow":["GET"]}}],"collection":[{"href":"https:\/\/nawlaw.com\/es\/wp-json\/wp\/v2\/pages"}],"about":[{"href":"https:\/\/nawlaw.com\/es\/wp-json\/wp\/v2\/types\/page"}],"author":[{"embeddable":true,"href":"https:\/\/nawlaw.com\/es\/wp-json\/wp\/v2\/users\/1"}],"replies":[{"embeddable":true,"href":"https:\/\/nawlaw.com\/es\/wp-json\/wp\/v2\/comments?post=4623"}],"version-history":[{"count":3,"href":"https:\/\/nawlaw.com\/es\/wp-json\/wp\/v2\/pages\/4623\/revisions"}],"predecessor-version":[{"id":5005,"href":"https:\/\/nawlaw.com\/es\/wp-json\/wp\/v2\/pages\/4623\/revisions\/5005"}],"wp:attachment":[{"href":"https:\/\/nawlaw.com\/es\/wp-json\/wp\/v2\/media?parent=4623"}],"curies":[{"name":"wp","href":"https:\/\/api.w.org\/{rel}","templated":true}]}}