{"id":4660,"date":"2024-04-29T21:51:49","date_gmt":"2024-04-29T21:51:49","guid":{"rendered":"https:\/\/nawlaw.com\/?page_id=4660"},"modified":"2025-06-23T20:38:38","modified_gmt":"2025-06-23T20:38:38","slug":"deportation-removal-defense","status":"publish","type":"page","link":"https:\/\/nawlaw.com\/es\/deportation-removal-defense\/","title":{"rendered":"Deportation Removal Defense"},"content":{"rendered":"<section class=\"wpb-content-wrapper\"><div data-vc-full-width=\"true\" data-vc-full-width-init=\"false\" class=\"\"><div class=\"container\"><div class=\"vc_row wpb_row vc_row-fluid  legal-services-content gt3_vc_row_modified\"><div class=\"wpb_column vc_column_container vc_col-sm-12\">\r\n    <div class=\"vc_column-inner\">\r\n        <div class=\"wpb_wrapper\">\r\n            <div class=\"vc_row wpb_row vc_inner vc_row-fluid gt3_vc_row_modified\">    <div class=\"wpb_column vc_column_container vc_col-sm-6\">\r\n        <div class=\"vc_column-inner\">\r\n            <div class=\"wpb_wrapper\">\r\n                \n\t<div class=\"wpb_text_column wpb_content_element\" >\n\t\t<div class=\"wpb_wrapper\">\n\t\t\t<h2><span style=\"color: #014700;\">Removal &amp; Deportation Defense<\/span><\/h2>\n<p><span style=\"color: #014700;\">Reconociendo la urgencia y complejidad de los casos de deportaci\u00f3n y expulsi\u00f3n, nuestro dedicado equipo de abogados de inmigraci\u00f3n est\u00e1 comprometido a elaborar defensas efectivas, aprovechar la experiencia legal para proteger sus derechos y brindar apoyo inquebrantable para lograr el mejor resultado posible para ayudar a nuestros clientes y sus seres queridos. permanecer en los Estados Unidos<\/span><\/p>\n\n\t\t<\/div>\n\t<\/div>\n            <\/div>\r\n        <\/div>\r\n    <\/div>\r\n    <div class=\"wpb_column vc_column_container vc_col-sm-6\">\r\n        <div class=\"vc_column-inner\">\r\n            <div class=\"wpb_wrapper\">\r\n                \n\t<div  class=\"wpb_single_image wpb_content_element vc_align_left  vc_custom_1714427497012\">\n\t\t\n\t\t<figure class=\"wpb_wrapper vc_figure\">\n\t\t\t<div class=\"vc_single_image-wrapper vc_box_shadow  vc_box_border_grey\"><img loading=\"lazy\" decoding=\"async\" class=\"vc_single_image-img\" src=\"https:\/\/nawlaw.com\/wp-content\/uploads\/2024\/04\/removal-and-deportation-defense.png\" width=\"605\" height=\"403\" alt=\"A wooden gavel placed on the top right corner of a document\" title=\"removal-and-deportation-defense\" \/><\/div>\n\t\t<\/figure>\n\t<\/div>\n            <\/div>\r\n        <\/div>\r\n    <\/div>\r\n<\/div>        <\/div>\r\n    <\/div>\r\n<\/div>\r\n<\/div><\/div><!-- .container --><\/div><div class=\"vc_row-full-width vc_clearfix\"><\/div><div class=\"\"><div class=\"container\"><div class=\"vc_row wpb_row vc_row-fluid gt3_vc_row_modified\"><div class=\"wpb_column vc_column_container vc_col-sm-12\">\r\n    <div class=\"vc_column-inner\">\r\n        <div class=\"wpb_wrapper\">\r\n                <div class=\"gt3_spacing\">\r\n        <div class=\"gt3_spacing-height gt3_spacing-height_default\" style=\"height: 60px;\"><\/div>\r\n            <\/div>\r\n            <\/div>\r\n    <\/div>\r\n<\/div>\r\n<\/div><\/div><!-- .container --><\/div>\n<\/section>","protected":false},"excerpt":{"rendered":"Removal &amp; Deportation Defense Recognizing the urgency and complexity of deportation and removal cases, our dedicated team of immigration attorneys is committed to crafting effective defenses, leveraging legal expertise to protect your rights, and providing unwavering support in pursuing the best possible outcome to help our clients and their loved ones remain in the U.S.","protected":false},"author":1,"featured_media":0,"parent":0,"menu_order":0,"comment_status":"closed","ping_status":"closed","template":"","meta":{"_monsterinsights_skip_tracking":false,"_monsterinsights_sitenote_active":false,"_monsterinsights_sitenote_note":"","_monsterinsights_sitenote_category":0,"footnotes":""},"class_list":["post-4660","page","type-page","status-publish","hentry"],"acf":[],"_links":{"self":[{"href":"https:\/\/nawlaw.com\/es\/wp-json\/wp\/v2\/pages\/4660","targetHints":{"allow":["GET"]}}],"collection":[{"href":"https:\/\/nawlaw.com\/es\/wp-json\/wp\/v2\/pages"}],"about":[{"href":"https:\/\/nawlaw.com\/es\/wp-json\/wp\/v2\/types\/page"}],"author":[{"embeddable":true,"href":"https:\/\/nawlaw.com\/es\/wp-json\/wp\/v2\/users\/1"}],"replies":[{"embeddable":true,"href":"https:\/\/nawlaw.com\/es\/wp-json\/wp\/v2\/comments?post=4660"}],"version-history":[{"count":3,"href":"https:\/\/nawlaw.com\/es\/wp-json\/wp\/v2\/pages\/4660\/revisions"}],"predecessor-version":[{"id":5014,"href":"https:\/\/nawlaw.com\/es\/wp-json\/wp\/v2\/pages\/4660\/revisions\/5014"}],"wp:attachment":[{"href":"https:\/\/nawlaw.com\/es\/wp-json\/wp\/v2\/media?parent=4660"}],"curies":[{"name":"wp","href":"https:\/\/api.w.org\/{rel}","templated":true}]}}