{"id":632,"date":"2018-05-31T07:53:40","date_gmt":"2018-05-31T07:53:40","guid":{"rendered":"https:\/\/livewp.site\/wp\/md\/oconnor\/?page_id=632"},"modified":"2025-11-28T19:08:22","modified_gmt":"2025-11-28T19:08:22","slug":"contacts-3","status":"publish","type":"page","link":"https:\/\/nawlaw.com\/es\/contacts-3\/","title":{"rendered":"Contactanous"},"content":{"rendered":"<section class=\"wpb-content-wrapper\"><div class=\"\"><div class=\"container\"><div class=\"vc_row wpb_row vc_row-fluid gt3_vc_row_modified\"><div class=\"wpb_column vc_column_container vc_col-sm-6\">\r\n    <div class=\"vc_column-inner\">\r\n        <div class=\"wpb_wrapper\">\r\n            <div data-color=\"#ffffff\" class=\"gt3_custom_text  vc_custom_1703094171317 gt3_line-break-default gt3_font-size-inherit gt3_line-height-inherit gt3_color-inherit gt3_separator-active gt3_separator-outer gt3_full_width-active\" style=\"font-size: 32px;line-height: 165%; color: #272b2e; \"><div class=\"gt3_custom_text_separator\" style=\"margin-top: 22px; max-width: 70px; background-color: rgba(39,43,46,0.2); \"><\/div><h2><span>Nuestros Contactos<\/span><\/h2>\n<\/div><div data-color=\"#ffffff\" class=\"gt3_custom_text  vc_custom_1703094177318 gt3_line-break-default gt3_font-size-inherit gt3_line-height-inherit gt3_color-inherit gt3_separator-disable gt3_full_width-active\" style=\"font-size: 18px;line-height: 165%; color: #272b2e; \"><p style=\"text-align: justify;\">Nuestro dedicado equipo en Naw Law est\u00e1 aqu\u00ed para ayudarlo con sus necesidades de inmigraci\u00f3n. Estamos disponibles de lunes a viernes de 9:00 a.m. a 6:00 p.m., para brindarte orientaci\u00f3n y resolver cualquier consulta que tengas. No dude en comunicarse durante nuestro horario de oficina para programar una consulta, hacer preguntas sobre su caso o simplemente discutir sus inquietudes.<\/p>\n<\/div><div data-color=\"#ffffff\" class=\"gt3_custom_text  vc_custom_1703094184451 gt3_line-break-default gt3_font-size-inherit gt3_line-height-inherit gt3_color-inherit gt3_separator-disable gt3_full_width-active\" style=\"font-size: 22px;line-height: 165%; color: #272b2e; \"><h4><span>Direcci\u00f3n<\/span><\/h4>\n<\/div><div data-color=\"#ffffff\" class=\"gt3_custom_text  vc_custom_1703094189637 gt3_line-break-default gt3_font-size-inherit gt3_line-height-inherit gt3_color-inherit gt3_separator-disable gt3_full_width-active\" style=\"font-size: 18px;line-height: 165%; color: #272b2e; \"><p>291 Broadway, piso 17 Nueva York, NY 10007<\/p>\n<\/div><div data-color=\"#ffffff\" class=\"gt3_custom_text  vc_custom_1703094203232 gt3_line-break-default gt3_font-size-inherit gt3_line-height-inherit gt3_color-inherit gt3_separator-disable gt3_full_width-active\" style=\"font-size: 22px;line-height: 165%; color: #272b2e; \"><h4>Los telefonos<\/h4>\n<\/div><div data-color=\"#ffffff\" class=\"gt3_custom_text  vc_custom_1703094208427 gt3_line-break-default gt3_font-size-inherit gt3_line-height-inherit gt3_color-inherit gt3_separator-disable gt3_full_width-active\" style=\"font-size: 18px;line-height: 165%; color: #272b2e; \"><p><a href=\"tel:1-212-964-9282\">T: 212-964-9282<\/a><br \/>\n<a href=\"tel:1-212-964-9525\">F: 212-964-9525<\/a><\/p>\n<\/div><div data-color=\"#ffffff\" class=\"gt3_custom_text  vc_custom_1703094213521 gt3_line-break-default gt3_font-size-inherit gt3_line-height-inherit gt3_color-inherit gt3_separator-disable gt3_full_width-active\" style=\"font-size: 22px;line-height: 165%; color: #272b2e; \"><h4>Correo electr\u00f3nico<\/h4>\n<\/div><div data-color=\"#ffffff\" class=\"gt3_custom_text  vc_custom_1720730226572 gt3_line-break-default gt3_font-size-inherit gt3_line-height-inherit gt3_color-inherit gt3_separator-disable gt3_full_width-active\" style=\"font-size: 18px;line-height: 165%; color: #272b2e; \"><p><a href=\"mailto:info@nawlaw.com\">info@nawlaw.com<\/a><\/p>\n<\/div><div data-color=\"#ffffff\" class=\"gt3_custom_text  vc_custom_1703094224368 gt3_line-break-default gt3_font-size-inherit gt3_line-height-inherit gt3_color-inherit gt3_separator-disable gt3_full_width-active\" style=\"font-size: 18px;line-height: 165%; color: #272b2e; \"><div class=\"gt3_social\"><a class=\"gt3_icon_link\" href=\"#\" target=\"_blank\" style=\"font-size: 20px; color: inherit; margin-right: 20px; margin-top: 0px;\" rel=\"noopener\"><i class=\"fa fa-twitter\">\u00a0<\/i><\/a>\u00a0<a class=\"gt3_icon_link\" href=\"#\" target=\"_blank\" style=\"font-size: 20px; color: inherit; margin-right: 20px; margin-top: 0px;\" rel=\"noopener\"><i class=\"fa fa-facebook\">\u00a0<\/i><\/a>\u00a0<a class=\"gt3_icon_link\" href=\"#\" target=\"_blank\" style=\"font-size: 20px; color: inherit; margin-right: 20px; margin-top: 0px;\" rel=\"noopener\"><i class=\"fa fa-linkedin\">\u00a0<\/i><\/a>\u00a0<a class=\"gt3_icon_link\" href=\"#\" target=\"_blank\" style=\"font-size: 20px; color: inherit; margin-right: 0px; margin-top: 0px;\" rel=\"noopener\"><i class=\"fa fa-instagram\">\u00a0<\/i><\/a><\/div>\n<\/div>        <\/div>\r\n    <\/div>\r\n<\/div>\r\n<div class=\"wpb_column vc_column_container vc_col-sm-6\">\r\n    <div class=\"vc_column-inner\">\r\n        <div class=\"wpb_wrapper\">\r\n            \n\t<div class=\"wpb_raw_code wpb_content_element wpb_raw_html vc_custom_1703094273506\" >\n\t\t<div class=\"wpb_wrapper\">\n\t\t\t<iframe src=\"https:\/\/www.google.com\/maps\/embed?pb=!1m18!1m12!1m3!1d3024.1405395821685!2d-74.00865392336377!3d40.714922571393224!2m3!1f0!2f0!3f0!3m2!1i1024!2i768!4f13.1!3m3!1m2!1s0x89c25a21dd9c6f77%3A0x68cbf3f6c51adcb!2s291%20Broadway%2C%20New%20York%2C%20NY%2010007!5e0!3m2!1sen!2sus!4v1695151526818!5m2!1sen!2sus\" width=\"600\" height=\"450\" style=\"border:0;\" allowfullscreen=\"\" loading=\"lazy\" referrerpolicy=\"no-referrer-when-downgrade\"><\/iframe>\n\t\t<\/div>\n\t<\/div>\n<div data-color=\"#ffffff\" class=\"gt3_custom_text  gt3_line-break-default gt3_font-size-inherit gt3_line-height-inherit gt3_color-inherit gt3_separator-disable gt3_full_width-active\" style=\"font-size: 18px;line-height: 165%; color: #272b2e; \"><p style=\"text-align: center;\">Nuestra oficina est\u00e1 ubicada a lo largo de Broadway y Reade Street<\/p>\n<\/div>        <\/div>\r\n    <\/div>\r\n<\/div>\r\n<\/div><\/div><!-- .container --><\/div><div class=\"\"><div class=\"container\"><div class=\"vc_row wpb_row vc_row-fluid gt3_vc_row_modified vc_column-gap-35 vc_row-o-content-middle vc_row-flex\"><div class=\"wpb_column vc_column_container vc_col-sm-6\">\r\n    <div class=\"vc_column-inner\">\r\n        <div class=\"wpb_wrapper\">\r\n            \n\t<div  class=\"wpb_single_image wpb_content_element vc_align_center\">\n\t\t\n\t\t<figure class=\"wpb_wrapper vc_figure\">\n\t\t\t<div class=\"vc_single_image-wrapper   vc_box_border_grey\"><img loading=\"lazy\" decoding=\"async\" width=\"976\" height=\"1440\" src=\"https:\/\/nawlaw.com\/wp-content\/uploads\/2023\/12\/thumbnail_image001-e1703107972920.jpg\" class=\"vc_single_image-img attachment-full\" alt=\"\" title=\"thumbnail_image001\" srcset=\"https:\/\/nawlaw.com\/wp-content\/uploads\/2023\/12\/thumbnail_image001-e1703107972920.jpg 976w, https:\/\/nawlaw.com\/wp-content\/uploads\/2023\/12\/thumbnail_image001-e1703107972920-203x300.jpg 203w, https:\/\/nawlaw.com\/wp-content\/uploads\/2023\/12\/thumbnail_image001-e1703107972920-694x1024.jpg 694w, https:\/\/nawlaw.com\/wp-content\/uploads\/2023\/12\/thumbnail_image001-e1703107972920-768x1133.jpg 768w, https:\/\/nawlaw.com\/wp-content\/uploads\/2023\/12\/thumbnail_image001-e1703107972920-8x12.jpg 8w\" sizes=\"auto, (max-width: 976px) 100vw, 976px\" \/><\/div>\n\t\t<\/figure>\n\t<\/div>\n        <\/div>\r\n    <\/div>\r\n<\/div>\r\n<div class=\"wpb_column vc_column_container vc_col-sm-6\">\r\n    <div class=\"vc_column-inner\">\r\n        <div class=\"wpb_wrapper\">\r\n            <div data-color=\"#ffffff\" class=\"gt3_custom_text  gt3_line-break-default gt3_font-size-inherit gt3_line-height-inherit gt3_color-inherit gt3_separator-disable gt3_full_width-active\" style=\"font-size: 32px;line-height: 165%; color: #272b2e; \"><h2>Formulario de contacto<\/h2>\n<\/div>\n\t<div class=\"wpb_text_column wpb_content_element  contact-form-button\" >\n\t\t<div class=\"wpb_wrapper\">\n\t\t\t\n<div class=\"wpcf7 no-js\" id=\"wpcf7-f433-o1\" lang=\"en-US\" dir=\"ltr\">\n<div class=\"screen-reader-response\"><p role=\"status\" aria-live=\"polite\" aria-atomic=\"true\"><\/p> <ul><\/ul><\/div>\n<form action=\"\/es\/wp-json\/wp\/v2\/pages\/632#wpcf7-f433-o1\" method=\"post\" class=\"wpcf7-form init\" aria-label=\"Contact form\" novalidate=\"novalidate\" data-status=\"init\" data-trp-original-action=\"\/es\/wp-json\/wp\/v2\/pages\/632#wpcf7-f433-o1\">\n<div style=\"display: none;\">\n<input type=\"hidden\" name=\"_wpcf7\" value=\"433\" \/>\n<input type=\"hidden\" name=\"_wpcf7_version\" value=\"5.8\" \/>\n<input type=\"hidden\" name=\"_wpcf7_locale\" value=\"en_US\" \/>\n<input type=\"hidden\" name=\"_wpcf7_unit_tag\" value=\"wpcf7-f433-o1\" \/>\n<input type=\"hidden\" name=\"_wpcf7_container_post\" value=\"0\" \/>\n<input type=\"hidden\" name=\"_wpcf7_posted_data_hash\" value=\"\" \/>\n<input type=\"hidden\" name=\"_wpcf7_recaptcha_response\" value=\"\" \/>\n<\/div>\n<div class=\"row\">\n\t<div class=\"gt3_span6\">\n\t\t<p><span class=\"wpcf7-form-control-wrap\" data-name=\"your-name\"><input size=\"40\" class=\"wpcf7-form-control wpcf7-text wpcf7-validates-as-required\" aria-required=\"true\" aria-invalid=\"false\" placeholder=\"Su nombre\" value=\"\" type=\"text\" name=\"your-name\" \/><\/span>\n\t\t<\/p>\n\t<\/div>\n\t<div class=\"gt3_span6\">\n\t\t<p><span class=\"wpcf7-form-control-wrap\" data-name=\"your-email\"><input size=\"40\" class=\"wpcf7-form-control wpcf7-email wpcf7-validates-as-required wpcf7-text wpcf7-validates-as-email\" aria-required=\"true\" aria-invalid=\"false\" placeholder=\"Tu correo electr\u00f3nico\" value=\"\" type=\"email\" name=\"your-email\" \/><\/span>\n\t\t<\/p>\n\t<\/div>\n<\/div>\n<div>\n\t<p><span class=\"wpcf7-form-control-wrap\" data-name=\"your-message\"><textarea cols=\"40\" rows=\"10\" class=\"wpcf7-form-control wpcf7-textarea\" aria-invalid=\"false\" placeholder=\"Tu mensaje\" name=\"your-message\"><\/textarea><\/span>\n\t<\/p>\n<\/div>\n<p><input class=\"wpcf7-form-control wpcf7-submit has-spinner\" type=\"submit\" value=\"ENVIAR MENSAJE\" \/>\n<\/p><p style=\"display: none !important;\"><label>&#916;<textarea name=\"_wpcf7_ak_hp_textarea\" cols=\"45\" rows=\"8\" maxlength=\"100\"><\/textarea><\/label><input type=\"hidden\" id=\"ak_js_1\" name=\"_wpcf7_ak_js\" value=\"53\"\/><script>document.getElementById( \"ak_js_1\" ).setAttribute( \"value\", ( new Date() ).getTime() );<\/script><\/p><div class=\"wpcf7-response-output\" aria-hidden=\"true\"><\/div>\n<input type=\"hidden\" name=\"trp-form-language\" value=\"es\"\/><\/form>\n<\/div>\n\n\n\t\t<\/div>\n\t<\/div>\n        <\/div>\r\n    <\/div>\r\n<\/div>\r\n<\/div><\/div><!-- .container --><\/div><div class=\"\"><div class=\"container\"><div class=\"vc_row wpb_row vc_row-fluid gt3_vc_row_modified\"><div class=\"wpb_column vc_column_container vc_col-sm-7\">\r\n    <div class=\"vc_column-inner\">\r\n        <div class=\"wpb_wrapper\">\r\n            <div data-color=\"#ffffff\" class=\"gt3_custom_text  vc_custom_1750704583227 gt3_line-break-notebook gt3_font-size-inherit gt3_line-height-inherit gt3_color-inherit gt3_separator-active gt3_separator-outer gt3_full_width-active\" style=\"font-size: 38px;line-height: 143%; color: #272b2e; \"><div class=\"gt3_custom_text_separator\" style=\"margin-top: 25px; max-width: 70px; background-color: rgba(249,249,250,0.3); \"><\/div><h2>Precios que se adaptan a sus necesidades: Honorarios legales transparentes y flexibles<\/h2>\n<\/div><div data-color=\"#ffffff\" class=\"gt3_custom_text  vc_custom_1764356899534 gt3_line-break-default gt3_font-size-inherit gt3_line-height-inherit gt3_color-inherit gt3_separator-disable gt3_full_width-active\" style=\"font-size: 18px;line-height: 165%; color: #272b2e; \"><p style=\"text-align: justify;\">En Naw Law entendemos que cada caso es \u00fanico. Por lo tanto, nuestros precios se adaptan a las caracter\u00edsticas espec\u00edficas de su situaci\u00f3n. Durante una consulta personalizada, discutiremos los detalles de nuestro caso y brindaremos informaci\u00f3n transparente sobre nuestra estructura de tarifas. Nuestros honorarios de consulta para todas las \u00e1reas de pr\u00e1ctica son los siguientes:<\/p>\n<p>&nbsp;<\/p>\n<ol>\n<li><strong>Consulta de 30 minutos<\/strong>\n<ul>\n<li>Fee: $200<\/li>\n<\/ul>\n<\/li>\n<li><strong>Consulta de 60 minutos<\/strong>\n<ul>\n<li>Fee: $400<\/li>\n<\/ul>\n<\/li>\n<\/ol>\n<\/div><div class=\"gt3_module_button gt3_btn_customize button_alignment_inline\"><a class=\"button_size_large  vc_custom_1750704865174\"  href=\"https:\/\/nawlaw.com\/es\/contacts-3\/\" style=\"border-width: 1px; border-style: solid; border-radius: 5px; font-size: 16px; line-height: 24px; letter-spacing: 0.01em; font-family:Lato;font-weight:300;font-style:normal;background-color: #5e8a5e; color: #ffffff; \" data-default-bg=\"#5e8a5e\" data-default-color=\"#ffffff\" data-default-border=\"transparent\" data-hover-bg=\"#ffffff\" data-hover-color=\"#666666\" data-hover-border=\"transparent\" ><span class=\"gt3_btn_text\">Contactanous<\/span><\/a><\/div>        <\/div>\r\n    <\/div>\r\n<\/div>\r\n<\/div><\/div><!-- .container --><\/div>\n<\/section>","protected":false},"excerpt":{"rendered":"Our Contacts Our dedicated team at Naw Law is here to assist you with your immigration needs. We are available from Monday to Friday, 9:00 AM to 6:00 PM, to provide guidance and answer any inquiries you may have. Feel free to reach out during our office hours to schedule a consultation, ask questions about [...]","protected":false},"author":1,"featured_media":0,"parent":0,"menu_order":0,"comment_status":"closed","ping_status":"closed","template":"","meta":{"_monsterinsights_skip_tracking":false,"_monsterinsights_sitenote_active":false,"_monsterinsights_sitenote_note":"","_monsterinsights_sitenote_category":0,"footnotes":""},"class_list":["post-632","page","type-page","status-publish","hentry"],"acf":[],"_links":{"self":[{"href":"https:\/\/nawlaw.com\/es\/wp-json\/wp\/v2\/pages\/632","targetHints":{"allow":["GET"]}}],"collection":[{"href":"https:\/\/nawlaw.com\/es\/wp-json\/wp\/v2\/pages"}],"about":[{"href":"https:\/\/nawlaw.com\/es\/wp-json\/wp\/v2\/types\/page"}],"author":[{"embeddable":true,"href":"https:\/\/nawlaw.com\/es\/wp-json\/wp\/v2\/users\/1"}],"replies":[{"embeddable":true,"href":"https:\/\/nawlaw.com\/es\/wp-json\/wp\/v2\/comments?post=632"}],"version-history":[{"count":18,"href":"https:\/\/nawlaw.com\/es\/wp-json\/wp\/v2\/pages\/632\/revisions"}],"predecessor-version":[{"id":5037,"href":"https:\/\/nawlaw.com\/es\/wp-json\/wp\/v2\/pages\/632\/revisions\/5037"}],"wp:attachment":[{"href":"https:\/\/nawlaw.com\/es\/wp-json\/wp\/v2\/media?parent=632"}],"curies":[{"name":"wp","href":"https:\/\/api.w.org\/{rel}","templated":true}]}}